{"id":16976,"date":"2023-08-01T14:05:34","date_gmt":"2023-08-01T14:05:34","guid":{"rendered":"https:\/\/portaldosandaimes.com\/mi-cuenta\/"},"modified":"2023-08-01T14:06:29","modified_gmt":"2023-08-01T14:06:29","slug":"mi-cuenta","status":"publish","type":"page","link":"https:\/\/portaldosandaimes.com\/es\/mi-cuenta\/","title":{"rendered":"Mi cuenta"},"content":{"rendered":"<div class=\"fusion-fullwidth fullwidth-box fusion-builder-row-1 fusion-flex-container hundred-percent-fullwidth non-hundred-percent-height-scrolling\" style=\"--awb-border-radius-top-left:0px;--awb-border-radius-top-right:0px;--awb-border-radius-bottom-right:0px;--awb-border-radius-bottom-left:0px;--awb-padding-right:102px;--awb-padding-left:98.984px;--awb-padding-right-medium:41px;--awb-padding-left-medium:23.9688px;--awb-padding-right-small:18px;--awb-padding-left-small:16.9688px;--awb-flex-wrap:wrap;\" ><div class=\"fusion-builder-row fusion-row fusion-flex-align-items-flex-start fusion-flex-content-wrap\" style=\"width:104% !important;max-width:104% !important;margin-left: calc(-4% \/ 2 );margin-right: calc(-4% \/ 2 );\"><div class=\"fusion-layout-column fusion_builder_column fusion-builder-column-0 fusion_builder_column_1_1 1_1 fusion-flex-column\" style=\"--awb-bg-size:cover;--awb-width-large:100%;--awb-margin-top-large:0px;--awb-spacing-right-large:0%;--awb-margin-bottom-large:0px;--awb-spacing-left-large:0%;--awb-width-medium:100%;--awb-spacing-right-medium:1.92%;--awb-spacing-left-medium:1.92%;--awb-width-small:100%;--awb-spacing-right-small:1.92%;--awb-spacing-left-small:1.92%;\"><div class=\"fusion-column-wrapper fusion-flex-justify-content-flex-start fusion-content-layout-column\"><div class=\"fusion-text fusion-text-1\"><\/p>\n<div class=\"woocommerce\"><\/div>\n<\/div><\/div><\/div><\/div><\/div>\n","protected":false},"excerpt":{"rendered":"","protected":false},"author":1,"featured_media":0,"parent":0,"menu_order":0,"comment_status":"closed","ping_status":"closed","template":"100-width.php","meta":{"footnotes":""},"class_list":["post-16976","page","type-page","status-publish","hentry"],"yoast_head":"<!-- This site is optimized with the Yoast SEO plugin v27.4 - https:\/\/yoast.com\/product\/yoast-seo-wordpress\/ -->\n<title>Mi cuenta - Portal dos Andaimes<\/title>\n<meta name=\"robots\" content=\"index, follow, max-snippet:-1, max-image-preview:large, max-video-preview:-1\" \/>\n<link rel=\"canonical\" href=\"https:\/\/portaldosandaimes.com\/es\/mi-cuenta\/\" \/>\n<meta property=\"og:locale\" content=\"es_ES\" \/>\n<meta property=\"og:type\" content=\"article\" \/>\n<meta property=\"og:title\" content=\"Mi cuenta - Portal dos Andaimes\" \/>\n<meta property=\"og:url\" content=\"https:\/\/portaldosandaimes.com\/es\/mi-cuenta\/\" \/>\n<meta property=\"og:site_name\" content=\"Portal dos Andaimes\" \/>\n<meta property=\"article:publisher\" content=\"https:\/\/www.facebook.com\/portaldosandaimes\" \/>\n<meta property=\"article:modified_time\" content=\"2023-08-01T14:06:29+00:00\" \/>\n<meta name=\"twitter:card\" content=\"summary_large_image\" \/>\n<meta name=\"twitter:label1\" content=\"Tiempo de lectura\" \/>\n\t<meta name=\"twitter:data1\" content=\"1 minuto\" \/>\n<script type=\"application\/ld+json\" class=\"yoast-schema-graph\">{\"@context\":\"https:\\\/\\\/schema.org\",\"@graph\":[{\"@type\":\"WebPage\",\"@id\":\"https:\\\/\\\/portaldosandaimes.com\\\/es\\\/mi-cuenta\\\/\",\"url\":\"https:\\\/\\\/portaldosandaimes.com\\\/es\\\/mi-cuenta\\\/\",\"name\":\"Mi cuenta - Portal dos Andaimes\",\"isPartOf\":{\"@id\":\"https:\\\/\\\/portaldosandaimes.com\\\/es\\\/#website\"},\"datePublished\":\"2023-08-01T14:05:34+00:00\",\"dateModified\":\"2023-08-01T14:06:29+00:00\",\"breadcrumb\":{\"@id\":\"https:\\\/\\\/portaldosandaimes.com\\\/es\\\/mi-cuenta\\\/#breadcrumb\"},\"inLanguage\":\"es\",\"potentialAction\":[{\"@type\":\"ReadAction\",\"target\":[\"https:\\\/\\\/portaldosandaimes.com\\\/es\\\/mi-cuenta\\\/\"]}]},{\"@type\":\"BreadcrumbList\",\"@id\":\"https:\\\/\\\/portaldosandaimes.com\\\/es\\\/mi-cuenta\\\/#breadcrumb\",\"itemListElement\":[{\"@type\":\"ListItem\",\"position\":1,\"name\":\"In\u00edcio\",\"item\":\"https:\\\/\\\/portaldosandaimes.com\\\/es\\\/\"},{\"@type\":\"ListItem\",\"position\":2,\"name\":\"Mi cuenta\"}]},{\"@type\":\"WebSite\",\"@id\":\"https:\\\/\\\/portaldosandaimes.com\\\/es\\\/#website\",\"url\":\"https:\\\/\\\/portaldosandaimes.com\\\/es\\\/\",\"name\":\"Portal dos andaimes\",\"description\":\"Espa\u00e7o dedicado ao mundo do andaimes e aos trabalhos em altura. Com muita informa\u00e7\u00e3o \u00fatil e loja online.\",\"publisher\":{\"@id\":\"https:\\\/\\\/portaldosandaimes.com\\\/es\\\/#organization\"},\"potentialAction\":[{\"@type\":\"SearchAction\",\"target\":{\"@type\":\"EntryPoint\",\"urlTemplate\":\"https:\\\/\\\/portaldosandaimes.com\\\/es\\\/?s={search_term_string}\"},\"query-input\":{\"@type\":\"PropertyValueSpecification\",\"valueRequired\":true,\"valueName\":\"search_term_string\"}}],\"inLanguage\":\"es\"},{\"@type\":\"Organization\",\"@id\":\"https:\\\/\\\/portaldosandaimes.com\\\/es\\\/#organization\",\"name\":\"Portal dos Andaimes\",\"url\":\"https:\\\/\\\/portaldosandaimes.com\\\/es\\\/\",\"logo\":{\"@type\":\"ImageObject\",\"inLanguage\":\"es\",\"@id\":\"https:\\\/\\\/portaldosandaimes.com\\\/es\\\/#\\\/schema\\\/logo\\\/image\\\/\",\"url\":\"https:\\\/\\\/portaldosandaimes.com\\\/wp-content\\\/uploads\\\/2021\\\/08\\\/portal-de-los-andamios.png\",\"contentUrl\":\"https:\\\/\\\/portaldosandaimes.com\\\/wp-content\\\/uploads\\\/2021\\\/08\\\/portal-de-los-andamios.png\",\"width\":162,\"height\":97,\"caption\":\"Portal dos Andaimes\"},\"image\":{\"@id\":\"https:\\\/\\\/portaldosandaimes.com\\\/es\\\/#\\\/schema\\\/logo\\\/image\\\/\"},\"sameAs\":[\"https:\\\/\\\/www.facebook.com\\\/portaldosandaimes\",\"https:\\\/\\\/www.linkedin.com\\\/company\\\/68306809\\\/\"]}]}<\/script>\n<!-- \/ Yoast SEO plugin. -->","yoast_head_json":{"title":"Mi cuenta - Portal dos Andaimes","robots":{"index":"index","follow":"follow","max-snippet":"max-snippet:-1","max-image-preview":"max-image-preview:large","max-video-preview":"max-video-preview:-1"},"canonical":"https:\/\/portaldosandaimes.com\/es\/mi-cuenta\/","og_locale":"es_ES","og_type":"article","og_title":"Mi cuenta - Portal dos Andaimes","og_url":"https:\/\/portaldosandaimes.com\/es\/mi-cuenta\/","og_site_name":"Portal dos Andaimes","article_publisher":"https:\/\/www.facebook.com\/portaldosandaimes","article_modified_time":"2023-08-01T14:06:29+00:00","twitter_card":"summary_large_image","twitter_misc":{"Tiempo de lectura":"1 minuto"},"schema":{"@context":"https:\/\/schema.org","@graph":[{"@type":"WebPage","@id":"https:\/\/portaldosandaimes.com\/es\/mi-cuenta\/","url":"https:\/\/portaldosandaimes.com\/es\/mi-cuenta\/","name":"Mi cuenta - Portal dos Andaimes","isPartOf":{"@id":"https:\/\/portaldosandaimes.com\/es\/#website"},"datePublished":"2023-08-01T14:05:34+00:00","dateModified":"2023-08-01T14:06:29+00:00","breadcrumb":{"@id":"https:\/\/portaldosandaimes.com\/es\/mi-cuenta\/#breadcrumb"},"inLanguage":"es","potentialAction":[{"@type":"ReadAction","target":["https:\/\/portaldosandaimes.com\/es\/mi-cuenta\/"]}]},{"@type":"BreadcrumbList","@id":"https:\/\/portaldosandaimes.com\/es\/mi-cuenta\/#breadcrumb","itemListElement":[{"@type":"ListItem","position":1,"name":"In\u00edcio","item":"https:\/\/portaldosandaimes.com\/es\/"},{"@type":"ListItem","position":2,"name":"Mi cuenta"}]},{"@type":"WebSite","@id":"https:\/\/portaldosandaimes.com\/es\/#website","url":"https:\/\/portaldosandaimes.com\/es\/","name":"Portal dos andaimes","description":"Espa\u00e7o dedicado ao mundo do andaimes e aos trabalhos em altura. Com muita informa\u00e7\u00e3o \u00fatil e loja online.","publisher":{"@id":"https:\/\/portaldosandaimes.com\/es\/#organization"},"potentialAction":[{"@type":"SearchAction","target":{"@type":"EntryPoint","urlTemplate":"https:\/\/portaldosandaimes.com\/es\/?s={search_term_string}"},"query-input":{"@type":"PropertyValueSpecification","valueRequired":true,"valueName":"search_term_string"}}],"inLanguage":"es"},{"@type":"Organization","@id":"https:\/\/portaldosandaimes.com\/es\/#organization","name":"Portal dos Andaimes","url":"https:\/\/portaldosandaimes.com\/es\/","logo":{"@type":"ImageObject","inLanguage":"es","@id":"https:\/\/portaldosandaimes.com\/es\/#\/schema\/logo\/image\/","url":"https:\/\/portaldosandaimes.com\/wp-content\/uploads\/2021\/08\/portal-de-los-andamios.png","contentUrl":"https:\/\/portaldosandaimes.com\/wp-content\/uploads\/2021\/08\/portal-de-los-andamios.png","width":162,"height":97,"caption":"Portal dos Andaimes"},"image":{"@id":"https:\/\/portaldosandaimes.com\/es\/#\/schema\/logo\/image\/"},"sameAs":["https:\/\/www.facebook.com\/portaldosandaimes","https:\/\/www.linkedin.com\/company\/68306809\/"]}]}},"_links":{"self":[{"href":"https:\/\/portaldosandaimes.com\/es\/wp-json\/wp\/v2\/pages\/16976","targetHints":{"allow":["GET"]}}],"collection":[{"href":"https:\/\/portaldosandaimes.com\/es\/wp-json\/wp\/v2\/pages"}],"about":[{"href":"https:\/\/portaldosandaimes.com\/es\/wp-json\/wp\/v2\/types\/page"}],"author":[{"embeddable":true,"href":"https:\/\/portaldosandaimes.com\/es\/wp-json\/wp\/v2\/users\/1"}],"replies":[{"embeddable":true,"href":"https:\/\/portaldosandaimes.com\/es\/wp-json\/wp\/v2\/comments?post=16976"}],"version-history":[{"count":0,"href":"https:\/\/portaldosandaimes.com\/es\/wp-json\/wp\/v2\/pages\/16976\/revisions"}],"wp:attachment":[{"href":"https:\/\/portaldosandaimes.com\/es\/wp-json\/wp\/v2\/media?parent=16976"}],"curies":[{"name":"wp","href":"https:\/\/api.w.org\/{rel}","templated":true}]}}