{"id":16412,"date":"2022-11-15T14:57:24","date_gmt":"2022-11-15T14:57:24","guid":{"rendered":"https:\/\/portaldosandaimes.com\/?post_type=product&#038;p=16412"},"modified":"2024-02-09T16:15:40","modified_gmt":"2024-02-09T16:15:40","slug":"quicklink-6mm-inox","status":"publish","type":"product","link":"https:\/\/portaldosandaimes.com\/es\/producto\/quicklink-6mm-inox\/","title":{"rendered":"QuickLink 6mm &#8211; INOX | Maillon Rapide"},"content":{"rendered":"<p><strong>Quicklink de6mm <\/strong>em INOX, da Maillon Rapide. Este Quicklink, extremamente forte e resistente, pode ser usado em diversos contextos de trabalhos em altura para conectar elementos, como pontos de ancoragem e slings.<\/p>\n<h2>Especifica\u00e7\u00f5es do Quicklink de 6mm em INOX<\/h2>\n<ul>\n<li><strong>Abertura:<\/strong> aprox. 8mm<\/li>\n<li><strong>Peso:<\/strong> 37g<\/li>\n<li><strong>Dimens\u00f5es externas:<\/strong> 30mm (28mm sem fecho) x 73mm<\/li>\n<li><strong>Dimens\u00f5es internas:<\/strong> 13mm (16mm sem fecho) x 45mm<\/li>\n<li><strong>Material:<\/strong>\u00a0a\u00e7o inoxid\u00e1vel SS 316L (INOX)<\/li>\n<li><strong>Carga de rutura :<\/strong> 26kN<\/li>\n<li><strong>Carga m\u00e1xima recomendada<\/strong> (WLL): 6,5kN<\/li>\n<li>Fabricado em Fran\u00e7a<\/li>\n<\/ul>\n","protected":false},"excerpt":{"rendered":"<p>Quicklink de 6mm em INOX, para usar como conector em diversos tipos de trabalhos em altura, garante durabilidade extra em utiliza\u00e7\u00e3o no exterior.<\/p>\n","protected":false},"featured_media":16413,"comment_status":"open","ping_status":"closed","template":"","meta":[],"product_brand":[],"product_cat":[119,104],"product_tag":[99,133,139,135],"class_list":{"0":"post-16412","1":"product","2":"type-product","3":"status-publish","4":"has-post-thumbnail","6":"product_cat-conectores-trabalhos-em-altura","7":"product_cat-equipamentos-andaimes-acesso-por-cordas","8":"product_tag-acesso-por-cordas","9":"product_tag-arborismo","10":"product_tag-offshore","11":"product_tag-resgate","13":"first","14":"instock","15":"taxable","16":"shipping-taxable","17":"purchasable","18":"product-type-simple"},"yoast_head":"<!-- This site is optimized with the Yoast SEO plugin v27.4 - https:\/\/yoast.com\/product\/yoast-seo-wordpress\/ -->\n<title>QuickLink 6mm - INOX | Maillon Rapide | Portal dos Andaimes<\/title>\n<meta name=\"description\" content=\"Quicklink de 6mm de INOX, da Maillon Rapide. Este Quicklink, super forte e resistente, pode ser usado em diversos contextos de trabalhos em altura.\" \/>\n<meta name=\"robots\" content=\"index, follow, max-snippet:-1, max-image-preview:large, max-video-preview:-1\" \/>\n<link rel=\"canonical\" href=\"https:\/\/portaldosandaimes.com\/es\/producto\/quicklink-6mm-inox\/\" \/>\n<meta property=\"og:locale\" content=\"es_ES\" \/>\n<meta property=\"og:type\" content=\"article\" \/>\n<meta property=\"og:title\" content=\"QuickLink 6mm - INOX | Maillon Rapide | Portal dos Andaimes\" \/>\n<meta property=\"og:description\" content=\"Quicklink de 6mm de INOX, da Maillon Rapide. Este Quicklink, super forte e resistente, pode ser usado em diversos contextos de trabalhos em altura.\" \/>\n<meta property=\"og:url\" content=\"https:\/\/portaldosandaimes.com\/es\/producto\/quicklink-6mm-inox\/\" \/>\n<meta property=\"og:site_name\" content=\"Portal dos Andaimes\" \/>\n<meta property=\"article:publisher\" content=\"https:\/\/www.facebook.com\/portaldosandaimes\" \/>\n<meta property=\"article:modified_time\" content=\"2024-02-09T16:15:40+00:00\" \/>\n<meta property=\"og:image\" content=\"https:\/\/portaldosandaimes.com\/wp-content\/uploads\/2022\/11\/quicklink-6mm-inox.jpg\" \/>\n\t<meta property=\"og:image:width\" content=\"1180\" \/>\n\t<meta property=\"og:image:height\" content=\"1377\" \/>\n\t<meta property=\"og:image:type\" content=\"image\/jpeg\" \/>\n<meta name=\"twitter:card\" content=\"summary_large_image\" \/>\n<meta name=\"twitter:label1\" content=\"Tiempo de lectura\" \/>\n\t<meta name=\"twitter:data1\" content=\"1 minuto\" \/>\n<script type=\"application\/ld+json\" class=\"yoast-schema-graph\">{\"@context\":\"https:\\\/\\\/schema.org\",\"@graph\":[{\"@type\":\"WebPage\",\"@id\":\"https:\\\/\\\/portaldosandaimes.com\\\/es\\\/producto\\\/quicklink-6mm-inox\\\/\",\"url\":\"https:\\\/\\\/portaldosandaimes.com\\\/es\\\/producto\\\/quicklink-6mm-inox\\\/\",\"name\":\"QuickLink 6mm - INOX | Maillon Rapide | Portal dos Andaimes\",\"isPartOf\":{\"@id\":\"https:\\\/\\\/portaldosandaimes.com\\\/es\\\/#website\"},\"primaryImageOfPage\":{\"@id\":\"https:\\\/\\\/portaldosandaimes.com\\\/es\\\/producto\\\/quicklink-6mm-inox\\\/#primaryimage\"},\"image\":{\"@id\":\"https:\\\/\\\/portaldosandaimes.com\\\/es\\\/producto\\\/quicklink-6mm-inox\\\/#primaryimage\"},\"thumbnailUrl\":\"https:\\\/\\\/portaldosandaimes.com\\\/wp-content\\\/uploads\\\/2022\\\/11\\\/quicklink-6mm-inox.jpg\",\"datePublished\":\"2022-11-15T14:57:24+00:00\",\"dateModified\":\"2024-02-09T16:15:40+00:00\",\"description\":\"Quicklink de 6mm de INOX, da Maillon Rapide. Este Quicklink, super forte e resistente, pode ser usado em diversos contextos de trabalhos em altura.\",\"breadcrumb\":{\"@id\":\"https:\\\/\\\/portaldosandaimes.com\\\/es\\\/producto\\\/quicklink-6mm-inox\\\/#breadcrumb\"},\"inLanguage\":\"es\",\"potentialAction\":[{\"@type\":\"ReadAction\",\"target\":[\"https:\\\/\\\/portaldosandaimes.com\\\/es\\\/producto\\\/quicklink-6mm-inox\\\/\"]}]},{\"@type\":\"ImageObject\",\"inLanguage\":\"es\",\"@id\":\"https:\\\/\\\/portaldosandaimes.com\\\/es\\\/producto\\\/quicklink-6mm-inox\\\/#primaryimage\",\"url\":\"https:\\\/\\\/portaldosandaimes.com\\\/wp-content\\\/uploads\\\/2022\\\/11\\\/quicklink-6mm-inox.jpg\",\"contentUrl\":\"https:\\\/\\\/portaldosandaimes.com\\\/wp-content\\\/uploads\\\/2022\\\/11\\\/quicklink-6mm-inox.jpg\",\"width\":1180,\"height\":1377,\"caption\":\"quicklink 6mm inox\"},{\"@type\":\"BreadcrumbList\",\"@id\":\"https:\\\/\\\/portaldosandaimes.com\\\/es\\\/producto\\\/quicklink-6mm-inox\\\/#breadcrumb\",\"itemListElement\":[{\"@type\":\"ListItem\",\"position\":1,\"name\":\"In\u00edcio\",\"item\":\"https:\\\/\\\/portaldosandaimes.com\\\/es\\\/\"},{\"@type\":\"ListItem\",\"position\":2,\"name\":\"productos\",\"item\":\"https:\\\/\\\/portaldosandaimes.com\\\/es\\\/productos\\\/\"},{\"@type\":\"ListItem\",\"position\":3,\"name\":\"QuickLink 6mm &#8211; INOX | Maillon Rapide\"}]},{\"@type\":\"WebSite\",\"@id\":\"https:\\\/\\\/portaldosandaimes.com\\\/es\\\/#website\",\"url\":\"https:\\\/\\\/portaldosandaimes.com\\\/es\\\/\",\"name\":\"Portal dos andaimes\",\"description\":\"Espa\u00e7o dedicado ao mundo do andaimes e aos trabalhos em altura. Com muita informa\u00e7\u00e3o \u00fatil e loja online.\",\"publisher\":{\"@id\":\"https:\\\/\\\/portaldosandaimes.com\\\/es\\\/#organization\"},\"potentialAction\":[{\"@type\":\"SearchAction\",\"target\":{\"@type\":\"EntryPoint\",\"urlTemplate\":\"https:\\\/\\\/portaldosandaimes.com\\\/es\\\/?s={search_term_string}\"},\"query-input\":{\"@type\":\"PropertyValueSpecification\",\"valueRequired\":true,\"valueName\":\"search_term_string\"}}],\"inLanguage\":\"es\"},{\"@type\":\"Organization\",\"@id\":\"https:\\\/\\\/portaldosandaimes.com\\\/es\\\/#organization\",\"name\":\"Portal dos Andaimes\",\"url\":\"https:\\\/\\\/portaldosandaimes.com\\\/es\\\/\",\"logo\":{\"@type\":\"ImageObject\",\"inLanguage\":\"es\",\"@id\":\"https:\\\/\\\/portaldosandaimes.com\\\/es\\\/#\\\/schema\\\/logo\\\/image\\\/\",\"url\":\"https:\\\/\\\/portaldosandaimes.com\\\/wp-content\\\/uploads\\\/2021\\\/08\\\/portal-de-los-andamios.png\",\"contentUrl\":\"https:\\\/\\\/portaldosandaimes.com\\\/wp-content\\\/uploads\\\/2021\\\/08\\\/portal-de-los-andamios.png\",\"width\":162,\"height\":97,\"caption\":\"Portal dos Andaimes\"},\"image\":{\"@id\":\"https:\\\/\\\/portaldosandaimes.com\\\/es\\\/#\\\/schema\\\/logo\\\/image\\\/\"},\"sameAs\":[\"https:\\\/\\\/www.facebook.com\\\/portaldosandaimes\",\"https:\\\/\\\/www.linkedin.com\\\/company\\\/68306809\\\/\"]}]}<\/script>\n<!-- \/ Yoast SEO plugin. -->","yoast_head_json":{"title":"QuickLink 6mm - INOX | Maillon Rapide | Portal dos Andaimes","description":"Quicklink de 6mm de INOX, da Maillon Rapide. Este Quicklink, super forte e resistente, pode ser usado em diversos contextos de trabalhos em altura.","robots":{"index":"index","follow":"follow","max-snippet":"max-snippet:-1","max-image-preview":"max-image-preview:large","max-video-preview":"max-video-preview:-1"},"canonical":"https:\/\/portaldosandaimes.com\/es\/producto\/quicklink-6mm-inox\/","og_locale":"es_ES","og_type":"article","og_title":"QuickLink 6mm - INOX | Maillon Rapide | Portal dos Andaimes","og_description":"Quicklink de 6mm de INOX, da Maillon Rapide. Este Quicklink, super forte e resistente, pode ser usado em diversos contextos de trabalhos em altura.","og_url":"https:\/\/portaldosandaimes.com\/es\/producto\/quicklink-6mm-inox\/","og_site_name":"Portal dos Andaimes","article_publisher":"https:\/\/www.facebook.com\/portaldosandaimes","article_modified_time":"2024-02-09T16:15:40+00:00","og_image":[{"width":1180,"height":1377,"url":"https:\/\/portaldosandaimes.com\/wp-content\/uploads\/2022\/11\/quicklink-6mm-inox.jpg","type":"image\/jpeg"}],"twitter_card":"summary_large_image","twitter_misc":{"Tiempo de lectura":"1 minuto"},"schema":{"@context":"https:\/\/schema.org","@graph":[{"@type":"WebPage","@id":"https:\/\/portaldosandaimes.com\/es\/producto\/quicklink-6mm-inox\/","url":"https:\/\/portaldosandaimes.com\/es\/producto\/quicklink-6mm-inox\/","name":"QuickLink 6mm - INOX | Maillon Rapide | Portal dos Andaimes","isPartOf":{"@id":"https:\/\/portaldosandaimes.com\/es\/#website"},"primaryImageOfPage":{"@id":"https:\/\/portaldosandaimes.com\/es\/producto\/quicklink-6mm-inox\/#primaryimage"},"image":{"@id":"https:\/\/portaldosandaimes.com\/es\/producto\/quicklink-6mm-inox\/#primaryimage"},"thumbnailUrl":"https:\/\/portaldosandaimes.com\/wp-content\/uploads\/2022\/11\/quicklink-6mm-inox.jpg","datePublished":"2022-11-15T14:57:24+00:00","dateModified":"2024-02-09T16:15:40+00:00","description":"Quicklink de 6mm de INOX, da Maillon Rapide. Este Quicklink, super forte e resistente, pode ser usado em diversos contextos de trabalhos em altura.","breadcrumb":{"@id":"https:\/\/portaldosandaimes.com\/es\/producto\/quicklink-6mm-inox\/#breadcrumb"},"inLanguage":"es","potentialAction":[{"@type":"ReadAction","target":["https:\/\/portaldosandaimes.com\/es\/producto\/quicklink-6mm-inox\/"]}]},{"@type":"ImageObject","inLanguage":"es","@id":"https:\/\/portaldosandaimes.com\/es\/producto\/quicklink-6mm-inox\/#primaryimage","url":"https:\/\/portaldosandaimes.com\/wp-content\/uploads\/2022\/11\/quicklink-6mm-inox.jpg","contentUrl":"https:\/\/portaldosandaimes.com\/wp-content\/uploads\/2022\/11\/quicklink-6mm-inox.jpg","width":1180,"height":1377,"caption":"quicklink 6mm inox"},{"@type":"BreadcrumbList","@id":"https:\/\/portaldosandaimes.com\/es\/producto\/quicklink-6mm-inox\/#breadcrumb","itemListElement":[{"@type":"ListItem","position":1,"name":"In\u00edcio","item":"https:\/\/portaldosandaimes.com\/es\/"},{"@type":"ListItem","position":2,"name":"productos","item":"https:\/\/portaldosandaimes.com\/es\/productos\/"},{"@type":"ListItem","position":3,"name":"QuickLink 6mm &#8211; INOX | Maillon Rapide"}]},{"@type":"WebSite","@id":"https:\/\/portaldosandaimes.com\/es\/#website","url":"https:\/\/portaldosandaimes.com\/es\/","name":"Portal dos andaimes","description":"Espa\u00e7o dedicado ao mundo do andaimes e aos trabalhos em altura. Com muita informa\u00e7\u00e3o \u00fatil e loja online.","publisher":{"@id":"https:\/\/portaldosandaimes.com\/es\/#organization"},"potentialAction":[{"@type":"SearchAction","target":{"@type":"EntryPoint","urlTemplate":"https:\/\/portaldosandaimes.com\/es\/?s={search_term_string}"},"query-input":{"@type":"PropertyValueSpecification","valueRequired":true,"valueName":"search_term_string"}}],"inLanguage":"es"},{"@type":"Organization","@id":"https:\/\/portaldosandaimes.com\/es\/#organization","name":"Portal dos Andaimes","url":"https:\/\/portaldosandaimes.com\/es\/","logo":{"@type":"ImageObject","inLanguage":"es","@id":"https:\/\/portaldosandaimes.com\/es\/#\/schema\/logo\/image\/","url":"https:\/\/portaldosandaimes.com\/wp-content\/uploads\/2021\/08\/portal-de-los-andamios.png","contentUrl":"https:\/\/portaldosandaimes.com\/wp-content\/uploads\/2021\/08\/portal-de-los-andamios.png","width":162,"height":97,"caption":"Portal dos Andaimes"},"image":{"@id":"https:\/\/portaldosandaimes.com\/es\/#\/schema\/logo\/image\/"},"sameAs":["https:\/\/www.facebook.com\/portaldosandaimes","https:\/\/www.linkedin.com\/company\/68306809\/"]}]}},"_links":{"self":[{"href":"https:\/\/portaldosandaimes.com\/es\/wp-json\/wp\/v2\/product\/16412","targetHints":{"allow":["GET"]}}],"collection":[{"href":"https:\/\/portaldosandaimes.com\/es\/wp-json\/wp\/v2\/product"}],"about":[{"href":"https:\/\/portaldosandaimes.com\/es\/wp-json\/wp\/v2\/types\/product"}],"replies":[{"embeddable":true,"href":"https:\/\/portaldosandaimes.com\/es\/wp-json\/wp\/v2\/comments?post=16412"}],"wp:featuredmedia":[{"embeddable":true,"href":"https:\/\/portaldosandaimes.com\/es\/wp-json\/wp\/v2\/media\/16413"}],"wp:attachment":[{"href":"https:\/\/portaldosandaimes.com\/es\/wp-json\/wp\/v2\/media?parent=16412"}],"wp:term":[{"taxonomy":"product_brand","embeddable":true,"href":"https:\/\/portaldosandaimes.com\/es\/wp-json\/wp\/v2\/product_brand?post=16412"},{"taxonomy":"product_cat","embeddable":true,"href":"https:\/\/portaldosandaimes.com\/es\/wp-json\/wp\/v2\/product_cat?post=16412"},{"taxonomy":"product_tag","embeddable":true,"href":"https:\/\/portaldosandaimes.com\/es\/wp-json\/wp\/v2\/product_tag?post=16412"}],"curies":[{"name":"wp","href":"https:\/\/api.w.org\/{rel}","templated":true}]}}