{"id":16877,"date":"2023-03-28T14:41:47","date_gmt":"2023-03-28T14:41:47","guid":{"rendered":"https:\/\/portaldosandaimes.com\/produto\/anclaje-de-nylon-para-andamios-14x75mm\/"},"modified":"2023-07-01T00:00:14","modified_gmt":"2023-07-01T00:00:14","slug":"anclaje-de-nylon-para-andamios","status":"publish","type":"product","link":"https:\/\/portaldosandaimes.com\/es\/producto\/anclaje-de-nylon-para-andamios\/","title":{"rendered":"Anclaje de nylon para andamios 14x75mm"},"content":{"rendered":"<p><b>Anclaje de nylon<\/b> 14x75mm para la <b>fijaci\u00f3n de andamios<\/b>, un elemento esencial para garantizar un anclaje seguro y eficaz de la estructura.<\/p>\n<p>Fabricado en nylon de alta calidad, este taco adecuado para anclar andamios a mamposter\u00eda y hormig\u00f3n, ofrece un alto nivel de resistencia es f\u00e1cil de instalar y proporciona una fijaci\u00f3n fiable.<\/p>\n<h2><strong>\u00c1mbito de aplicaci\u00f3n de los bujes de nailon<br \/>\n<\/strong><\/h2>\n<p><strong>Superficies: <\/strong><\/p>\n<ul>\n<li>Alba\u00f1iler\u00eda<\/li>\n<li>Hormig\u00f3n<\/li>\n<\/ul>\n<p><strong>Equipos:<\/strong><\/p>\n<ul>\n<li><a href=\"\/?p=12049\">Andamio normalizado europeo<\/a><\/li>\n<li><a href=\"\/?p=12210\">Andamio Multidireccional<\/a><\/li>\n<\/ul>\n<h3><strong>Especificaciones:<\/strong><\/h3>\n<p><strong>Peso unitario<\/strong>: 0,01 gm<\/p>\n<p>&nbsp;<\/p>\n<p>&nbsp;<\/p>\n","protected":false},"excerpt":{"rendered":"<p>Anclaje de nylon 14x75mm ideal para fijar\/anclar andamios a superficies de mamposter\u00eda u hormig\u00f3n. Con su dise\u00f1o resistente y duradero, este taco garantiza una fijaci\u00f3n segura y fiable, para que pueda trabajar con tranquilidad.<\/p>\n","protected":false},"featured_media":16803,"comment_status":"open","ping_status":"closed","template":"","meta":[],"product_brand":[],"product_cat":[208],"product_tag":[227],"class_list":{"0":"post-16877","1":"product","2":"type-product","3":"status-publish","4":"has-post-thumbnail","6":"product_cat-consumibles-andamios-acceso-por-cuerda","7":"product_tag-montagen-de-andamios","9":"first","10":"instock","11":"taxable","12":"shipping-taxable","13":"purchasable","14":"product-type-simple"},"yoast_head":"<!-- This site is optimized with the Yoast SEO plugin v27.4 - https:\/\/yoast.com\/product\/yoast-seo-wordpress\/ -->\n<title>Anclaje de Nylon para Andamios: 14x75mm | Portal de los Andamios<\/title>\n<meta name=\"description\" content=\"Anclaje de nylon 14x75mm, resistente y f\u00e1cil de usar, para fijaci\u00f3n y anclaje de andamios. Compre en l\u00ednea y reciba en 48 horas.\" \/>\n<meta name=\"robots\" content=\"index, follow, max-snippet:-1, max-image-preview:large, max-video-preview:-1\" \/>\n<link rel=\"canonical\" href=\"https:\/\/portaldosandaimes.com\/es\/producto\/anclaje-de-nylon-para-andamios\/\" \/>\n<meta property=\"og:locale\" content=\"es_ES\" \/>\n<meta property=\"og:type\" content=\"article\" \/>\n<meta property=\"og:title\" content=\"Anclaje de Nylon para Andamios: 14x75mm | Portal de los Andamios\" \/>\n<meta property=\"og:description\" content=\"Anclaje de nylon 14x75mm, resistente y f\u00e1cil de usar, para fijaci\u00f3n y anclaje de andamios. Compre en l\u00ednea y reciba en 48 horas.\" \/>\n<meta property=\"og:url\" content=\"https:\/\/portaldosandaimes.com\/es\/producto\/anclaje-de-nylon-para-andamios\/\" \/>\n<meta property=\"og:site_name\" content=\"Portal dos Andaimes\" \/>\n<meta property=\"article:publisher\" content=\"https:\/\/www.facebook.com\/portaldosandaimes\" \/>\n<meta property=\"article:modified_time\" content=\"2023-07-01T00:00:14+00:00\" \/>\n<meta property=\"og:image\" content=\"https:\/\/portaldosandaimes.com\/wp-content\/uploads\/2023\/03\/bucha-de-nylon-para-andaimes-257x300.jpg\" \/>\n<meta name=\"twitter:card\" content=\"summary_large_image\" \/>\n<script type=\"application\/ld+json\" class=\"yoast-schema-graph\">{\"@context\":\"https:\\\/\\\/schema.org\",\"@graph\":[{\"@type\":\"WebPage\",\"@id\":\"https:\\\/\\\/portaldosandaimes.com\\\/es\\\/producto\\\/anclaje-de-nylon-para-andamios\\\/\",\"url\":\"https:\\\/\\\/portaldosandaimes.com\\\/es\\\/producto\\\/anclaje-de-nylon-para-andamios\\\/\",\"name\":\"Anclaje de Nylon para Andamios: 14x75mm | Portal de los Andamios\",\"isPartOf\":{\"@id\":\"https:\\\/\\\/portaldosandaimes.com\\\/es\\\/#website\"},\"primaryImageOfPage\":{\"@id\":\"https:\\\/\\\/portaldosandaimes.com\\\/es\\\/producto\\\/anclaje-de-nylon-para-andamios\\\/#primaryimage\"},\"image\":{\"@id\":\"https:\\\/\\\/portaldosandaimes.com\\\/es\\\/producto\\\/anclaje-de-nylon-para-andamios\\\/#primaryimage\"},\"thumbnailUrl\":\"https:\\\/\\\/portaldosandaimes.com\\\/wp-content\\\/uploads\\\/2023\\\/03\\\/bucha-de-nylon-para-andaimes.webp\",\"datePublished\":\"2023-03-28T14:41:47+00:00\",\"dateModified\":\"2023-07-01T00:00:14+00:00\",\"description\":\"Anclaje de nylon 14x75mm, resistente y f\u00e1cil de usar, para fijaci\u00f3n y anclaje de andamios. Compre en l\u00ednea y reciba en 48 horas.\",\"breadcrumb\":{\"@id\":\"https:\\\/\\\/portaldosandaimes.com\\\/es\\\/producto\\\/anclaje-de-nylon-para-andamios\\\/#breadcrumb\"},\"inLanguage\":\"es\",\"potentialAction\":[{\"@type\":\"ReadAction\",\"target\":[\"https:\\\/\\\/portaldosandaimes.com\\\/es\\\/producto\\\/anclaje-de-nylon-para-andamios\\\/\"]}]},{\"@type\":\"ImageObject\",\"inLanguage\":\"es\",\"@id\":\"https:\\\/\\\/portaldosandaimes.com\\\/es\\\/producto\\\/anclaje-de-nylon-para-andamios\\\/#primaryimage\",\"url\":\"https:\\\/\\\/portaldosandaimes.com\\\/wp-content\\\/uploads\\\/2023\\\/03\\\/bucha-de-nylon-para-andaimes.webp\",\"contentUrl\":\"https:\\\/\\\/portaldosandaimes.com\\\/wp-content\\\/uploads\\\/2023\\\/03\\\/bucha-de-nylon-para-andaimes.webp\",\"width\":1180,\"height\":1377,\"caption\":\"bucha de nylon para andaimes\"},{\"@type\":\"BreadcrumbList\",\"@id\":\"https:\\\/\\\/portaldosandaimes.com\\\/es\\\/producto\\\/anclaje-de-nylon-para-andamios\\\/#breadcrumb\",\"itemListElement\":[{\"@type\":\"ListItem\",\"position\":1,\"name\":\"In\u00edcio\",\"item\":\"https:\\\/\\\/portaldosandaimes.com\\\/es\\\/\"},{\"@type\":\"ListItem\",\"position\":2,\"name\":\"productos\",\"item\":\"https:\\\/\\\/portaldosandaimes.com\\\/es\\\/productos\\\/\"},{\"@type\":\"ListItem\",\"position\":3,\"name\":\"Anclaje de nylon para andamios 14x75mm\"}]},{\"@type\":\"WebSite\",\"@id\":\"https:\\\/\\\/portaldosandaimes.com\\\/es\\\/#website\",\"url\":\"https:\\\/\\\/portaldosandaimes.com\\\/es\\\/\",\"name\":\"Portal dos andaimes\",\"description\":\"Espa\u00e7o dedicado ao mundo do andaimes e aos trabalhos em altura. Com muita informa\u00e7\u00e3o \u00fatil e loja online.\",\"publisher\":{\"@id\":\"https:\\\/\\\/portaldosandaimes.com\\\/es\\\/#organization\"},\"potentialAction\":[{\"@type\":\"SearchAction\",\"target\":{\"@type\":\"EntryPoint\",\"urlTemplate\":\"https:\\\/\\\/portaldosandaimes.com\\\/es\\\/?s={search_term_string}\"},\"query-input\":{\"@type\":\"PropertyValueSpecification\",\"valueRequired\":true,\"valueName\":\"search_term_string\"}}],\"inLanguage\":\"es\"},{\"@type\":\"Organization\",\"@id\":\"https:\\\/\\\/portaldosandaimes.com\\\/es\\\/#organization\",\"name\":\"Portal dos Andaimes\",\"url\":\"https:\\\/\\\/portaldosandaimes.com\\\/es\\\/\",\"logo\":{\"@type\":\"ImageObject\",\"inLanguage\":\"es\",\"@id\":\"https:\\\/\\\/portaldosandaimes.com\\\/es\\\/#\\\/schema\\\/logo\\\/image\\\/\",\"url\":\"https:\\\/\\\/portaldosandaimes.com\\\/wp-content\\\/uploads\\\/2021\\\/08\\\/portal-de-los-andamios.png\",\"contentUrl\":\"https:\\\/\\\/portaldosandaimes.com\\\/wp-content\\\/uploads\\\/2021\\\/08\\\/portal-de-los-andamios.png\",\"width\":162,\"height\":97,\"caption\":\"Portal dos Andaimes\"},\"image\":{\"@id\":\"https:\\\/\\\/portaldosandaimes.com\\\/es\\\/#\\\/schema\\\/logo\\\/image\\\/\"},\"sameAs\":[\"https:\\\/\\\/www.facebook.com\\\/portaldosandaimes\",\"https:\\\/\\\/www.linkedin.com\\\/company\\\/68306809\\\/\"]}]}<\/script>\n<!-- \/ Yoast SEO plugin. -->","yoast_head_json":{"title":"Anclaje de Nylon para Andamios: 14x75mm | Portal de los Andamios","description":"Anclaje de nylon 14x75mm, resistente y f\u00e1cil de usar, para fijaci\u00f3n y anclaje de andamios. Compre en l\u00ednea y reciba en 48 horas.","robots":{"index":"index","follow":"follow","max-snippet":"max-snippet:-1","max-image-preview":"max-image-preview:large","max-video-preview":"max-video-preview:-1"},"canonical":"https:\/\/portaldosandaimes.com\/es\/producto\/anclaje-de-nylon-para-andamios\/","og_locale":"es_ES","og_type":"article","og_title":"Anclaje de Nylon para Andamios: 14x75mm | Portal de los Andamios","og_description":"Anclaje de nylon 14x75mm, resistente y f\u00e1cil de usar, para fijaci\u00f3n y anclaje de andamios. Compre en l\u00ednea y reciba en 48 horas.","og_url":"https:\/\/portaldosandaimes.com\/es\/producto\/anclaje-de-nylon-para-andamios\/","og_site_name":"Portal dos Andaimes","article_publisher":"https:\/\/www.facebook.com\/portaldosandaimes","article_modified_time":"2023-07-01T00:00:14+00:00","og_image":[{"url":"https:\/\/portaldosandaimes.com\/wp-content\/uploads\/2023\/03\/bucha-de-nylon-para-andaimes-257x300.jpg","type":"","width":"","height":""}],"twitter_card":"summary_large_image","schema":{"@context":"https:\/\/schema.org","@graph":[{"@type":"WebPage","@id":"https:\/\/portaldosandaimes.com\/es\/producto\/anclaje-de-nylon-para-andamios\/","url":"https:\/\/portaldosandaimes.com\/es\/producto\/anclaje-de-nylon-para-andamios\/","name":"Anclaje de Nylon para Andamios: 14x75mm | Portal de los Andamios","isPartOf":{"@id":"https:\/\/portaldosandaimes.com\/es\/#website"},"primaryImageOfPage":{"@id":"https:\/\/portaldosandaimes.com\/es\/producto\/anclaje-de-nylon-para-andamios\/#primaryimage"},"image":{"@id":"https:\/\/portaldosandaimes.com\/es\/producto\/anclaje-de-nylon-para-andamios\/#primaryimage"},"thumbnailUrl":"https:\/\/portaldosandaimes.com\/wp-content\/uploads\/2023\/03\/bucha-de-nylon-para-andaimes.webp","datePublished":"2023-03-28T14:41:47+00:00","dateModified":"2023-07-01T00:00:14+00:00","description":"Anclaje de nylon 14x75mm, resistente y f\u00e1cil de usar, para fijaci\u00f3n y anclaje de andamios. Compre en l\u00ednea y reciba en 48 horas.","breadcrumb":{"@id":"https:\/\/portaldosandaimes.com\/es\/producto\/anclaje-de-nylon-para-andamios\/#breadcrumb"},"inLanguage":"es","potentialAction":[{"@type":"ReadAction","target":["https:\/\/portaldosandaimes.com\/es\/producto\/anclaje-de-nylon-para-andamios\/"]}]},{"@type":"ImageObject","inLanguage":"es","@id":"https:\/\/portaldosandaimes.com\/es\/producto\/anclaje-de-nylon-para-andamios\/#primaryimage","url":"https:\/\/portaldosandaimes.com\/wp-content\/uploads\/2023\/03\/bucha-de-nylon-para-andaimes.webp","contentUrl":"https:\/\/portaldosandaimes.com\/wp-content\/uploads\/2023\/03\/bucha-de-nylon-para-andaimes.webp","width":1180,"height":1377,"caption":"bucha de nylon para andaimes"},{"@type":"BreadcrumbList","@id":"https:\/\/portaldosandaimes.com\/es\/producto\/anclaje-de-nylon-para-andamios\/#breadcrumb","itemListElement":[{"@type":"ListItem","position":1,"name":"In\u00edcio","item":"https:\/\/portaldosandaimes.com\/es\/"},{"@type":"ListItem","position":2,"name":"productos","item":"https:\/\/portaldosandaimes.com\/es\/productos\/"},{"@type":"ListItem","position":3,"name":"Anclaje de nylon para andamios 14x75mm"}]},{"@type":"WebSite","@id":"https:\/\/portaldosandaimes.com\/es\/#website","url":"https:\/\/portaldosandaimes.com\/es\/","name":"Portal dos andaimes","description":"Espa\u00e7o dedicado ao mundo do andaimes e aos trabalhos em altura. Com muita informa\u00e7\u00e3o \u00fatil e loja online.","publisher":{"@id":"https:\/\/portaldosandaimes.com\/es\/#organization"},"potentialAction":[{"@type":"SearchAction","target":{"@type":"EntryPoint","urlTemplate":"https:\/\/portaldosandaimes.com\/es\/?s={search_term_string}"},"query-input":{"@type":"PropertyValueSpecification","valueRequired":true,"valueName":"search_term_string"}}],"inLanguage":"es"},{"@type":"Organization","@id":"https:\/\/portaldosandaimes.com\/es\/#organization","name":"Portal dos Andaimes","url":"https:\/\/portaldosandaimes.com\/es\/","logo":{"@type":"ImageObject","inLanguage":"es","@id":"https:\/\/portaldosandaimes.com\/es\/#\/schema\/logo\/image\/","url":"https:\/\/portaldosandaimes.com\/wp-content\/uploads\/2021\/08\/portal-de-los-andamios.png","contentUrl":"https:\/\/portaldosandaimes.com\/wp-content\/uploads\/2021\/08\/portal-de-los-andamios.png","width":162,"height":97,"caption":"Portal dos Andaimes"},"image":{"@id":"https:\/\/portaldosandaimes.com\/es\/#\/schema\/logo\/image\/"},"sameAs":["https:\/\/www.facebook.com\/portaldosandaimes","https:\/\/www.linkedin.com\/company\/68306809\/"]}]}},"_links":{"self":[{"href":"https:\/\/portaldosandaimes.com\/es\/wp-json\/wp\/v2\/product\/16877","targetHints":{"allow":["GET"]}}],"collection":[{"href":"https:\/\/portaldosandaimes.com\/es\/wp-json\/wp\/v2\/product"}],"about":[{"href":"https:\/\/portaldosandaimes.com\/es\/wp-json\/wp\/v2\/types\/product"}],"replies":[{"embeddable":true,"href":"https:\/\/portaldosandaimes.com\/es\/wp-json\/wp\/v2\/comments?post=16877"}],"wp:featuredmedia":[{"embeddable":true,"href":"https:\/\/portaldosandaimes.com\/es\/wp-json\/wp\/v2\/media\/16803"}],"wp:attachment":[{"href":"https:\/\/portaldosandaimes.com\/es\/wp-json\/wp\/v2\/media?parent=16877"}],"wp:term":[{"taxonomy":"product_brand","embeddable":true,"href":"https:\/\/portaldosandaimes.com\/es\/wp-json\/wp\/v2\/product_brand?post=16877"},{"taxonomy":"product_cat","embeddable":true,"href":"https:\/\/portaldosandaimes.com\/es\/wp-json\/wp\/v2\/product_cat?post=16877"},{"taxonomy":"product_tag","embeddable":true,"href":"https:\/\/portaldosandaimes.com\/es\/wp-json\/wp\/v2\/product_tag?post=16877"}],"curies":[{"name":"wp","href":"https:\/\/api.w.org\/{rel}","templated":true}]}}