{"id":16882,"date":"2023-01-12T11:03:15","date_gmt":"2023-06-05T14:57:12","guid":{"rendered":"https:\/\/portaldosandaimes.com\/produto\/standard-tools-lanyard-anticaidas-para-herramientas\/"},"modified":"2023-06-05T14:57:12","modified_gmt":"2023-06-05T14:57:12","slug":"anticaidas-para-herramientas","status":"publish","type":"product","link":"https:\/\/portaldosandaimes.com\/es\/producto\/anticaidas-para-herramientas\/","title":{"rendered":"Standard Tools Lanyard | Antica\u00eddas para herramientas"},"content":{"rendered":"<p>La <strong>Standard<\/strong> <strong>Tools Lanyard<\/strong> es un <strong>dispositivo antica\u00eddas para herramientas<\/strong> dise\u00f1ado para promover la productividad y la seguridad en el trabajo, mitigando el riesgo de ca\u00edda de objetos y los accidentes\/incidentes resultantes.<\/p>\n<p>Con un peso de s\u00f3lo 0,074 g, consta de una correa el\u00e1stica con cierre de cilindro ajustable para asegurar las herramientas. Este dispositivo, que no debe utilizarse para ning\u00fan otro fin que no sea asegurar las herramientas, tambi\u00e9n incluye un mosquet\u00f3n para sujetar la correa al ejecutante.<\/p>\n<h2 class=\"fusion-responsive-typography-calculated\" data-fontsize=\"18\" data-lineheight=\"27px\">Especificaciones del <strong>Standard<\/strong> Tools Lanyard &#8211; Antiqueda para Ferramentas<\/h2>\n<ul>\n<li><strong>Incluye<\/strong>: Correa el\u00e1stica con cilindro de cierre ajustable y mosquet\u00f3n<\/li>\n<li><strong>Capacidad m\u00e1xima de trabajo :<\/strong> .2.3kg<\/li>\n<li><strong>Peso: <\/strong>0.074Kg<\/li>\n<li><strong>Longitud m\u00e1xima:<\/strong> 1,2 m<\/li>\n<li><strong>Nota de uso:<\/strong> Este dispositivo no debe utilizarse como antica\u00eddas para personas<\/li>\n<\/ul>\n<h3 class=\"fusion-responsive-typography-calculated\" data-fontsize=\"17\" data-lineheight=\"23.97px\">Contextos de uso<\/h3>\n<ul>\n<li><a href=\"https:\/\/portaldosandaimes.com\/\">Andamios<\/a><\/li>\n<li>Arborismo<\/li>\n<li>Espacios confinados<\/li>\n<li>Plataformas de acceso<\/li>\n<li>Torres e\u00f3licas y de comunicaciones<\/li>\n<li>Rescate<\/li>\n<li>Offshore<\/li>\n<li>Construcci\u00f3n<\/li>\n<\/ul>\n<p><strong>Documentaci\u00f3n<\/strong><\/p>\n<ul>\n<li><a href=\"https:\/\/portaldosandaimes.com\/wp-content\/uploads\/2023\/01\/instrucoes-antiqueda-para-ferramentas.pdf\" target=\"_blank\" rel=\"noopener\">Instrucciones<\/a><\/li>\n<\/ul>\n","protected":false},"excerpt":{"rendered":"<p>Dispositivo <strong>antica\u00edda para herramientas<\/strong>, con capacidad para equipos de hasta 2,3 kg y una longitud m\u00e1xima de 1,20 m, dise\u00f1ado para fomentar la productividad y la seguridad en el trabajo.<\/p>\n","protected":false},"featured_media":16628,"comment_status":"open","ping_status":"closed","template":"","meta":[],"product_brand":[],"product_cat":[213,217],"product_tag":[223,224,227,228,229,231,234,233,232,222],"class_list":{"0":"post-16882","1":"product","2":"type-product","3":"status-publish","4":"has-post-thumbnail","6":"product_cat-equipo-andamio-trabajos-verticales","7":"product_cat-herramientas-manuales","8":"product_tag-arborismo-es","9":"product_tag-construccion","10":"product_tag-montagen-de-andamios","11":"product_tag-offshore-es","12":"product_tag-plataformas-de-acceso","13":"product_tag-rescate","14":"product_tag-torres-de-comunicacion","15":"product_tag-torres-de-viento","16":"product_tag-trabajos-de-techo","17":"product_tag-trabajos-verticales","19":"first","20":"outofstock","21":"taxable","22":"shipping-taxable","23":"purchasable","24":"product-type-simple"},"yoast_head":"<!-- This site is optimized with the Yoast SEO plugin v27.4 - https:\/\/yoast.com\/product\/yoast-seo-wordpress\/ -->\n<title>Antica\u00eddas para herramientas - Standard Tools Lanyard<\/title>\n<meta name=\"description\" content=\"Dispositivo antica\u00eddas para herramientas de hasta 2,3 kg y con una longitud m\u00e1xima de 1,20 m, dise\u00f1ado para fomentar la productividad y la seguridad en el trabajo.\" \/>\n<meta name=\"robots\" content=\"index, follow, max-snippet:-1, max-image-preview:large, max-video-preview:-1\" \/>\n<link rel=\"canonical\" href=\"https:\/\/portaldosandaimes.com\/es\/producto\/anticaidas-para-herramientas\/\" \/>\n<meta property=\"og:locale\" content=\"es_ES\" \/>\n<meta property=\"og:type\" content=\"article\" \/>\n<meta property=\"og:title\" content=\"Antica\u00eddas para herramientas - Standard Tools Lanyard\" \/>\n<meta property=\"og:description\" content=\"Dispositivo antica\u00eddas para herramientas de hasta 2,3 kg y con una longitud m\u00e1xima de 1,20 m, dise\u00f1ado para fomentar la productividad y la seguridad en el trabajo.\" \/>\n<meta property=\"og:url\" content=\"https:\/\/portaldosandaimes.com\/es\/producto\/anticaidas-para-herramientas\/\" \/>\n<meta property=\"og:site_name\" content=\"Portal dos Andaimes\" \/>\n<meta property=\"article:publisher\" content=\"https:\/\/www.facebook.com\/portaldosandaimes\" \/>\n<meta property=\"og:image\" content=\"https:\/\/portaldosandaimes.com\/wp-content\/uploads\/2023\/01\/standard-tools-lanyard-antiqueda-para-ferramentas-257x300.jpg\" \/>\n<meta name=\"twitter:card\" content=\"summary_large_image\" \/>\n<meta name=\"twitter:label1\" content=\"Tiempo de lectura\" \/>\n\t<meta name=\"twitter:data1\" content=\"1 minuto\" \/>\n<script type=\"application\/ld+json\" class=\"yoast-schema-graph\">{\"@context\":\"https:\\\/\\\/schema.org\",\"@graph\":[{\"@type\":\"WebPage\",\"@id\":\"https:\\\/\\\/portaldosandaimes.com\\\/es\\\/producto\\\/anticaidas-para-herramientas\\\/\",\"url\":\"https:\\\/\\\/portaldosandaimes.com\\\/es\\\/producto\\\/anticaidas-para-herramientas\\\/\",\"name\":\"Antica\u00eddas para herramientas - Standard Tools Lanyard\",\"isPartOf\":{\"@id\":\"https:\\\/\\\/portaldosandaimes.com\\\/es\\\/#website\"},\"primaryImageOfPage\":{\"@id\":\"https:\\\/\\\/portaldosandaimes.com\\\/es\\\/producto\\\/anticaidas-para-herramientas\\\/#primaryimage\"},\"image\":{\"@id\":\"https:\\\/\\\/portaldosandaimes.com\\\/es\\\/producto\\\/anticaidas-para-herramientas\\\/#primaryimage\"},\"thumbnailUrl\":\"https:\\\/\\\/portaldosandaimes.com\\\/wp-content\\\/uploads\\\/2023\\\/01\\\/standard-tools-lanyard-antiqueda-para-ferramentas.webp\",\"datePublished\":\"2023-06-05T14:57:12+00:00\",\"description\":\"Dispositivo antica\u00eddas para herramientas de hasta 2,3 kg y con una longitud m\u00e1xima de 1,20 m, dise\u00f1ado para fomentar la productividad y la seguridad en el trabajo.\",\"breadcrumb\":{\"@id\":\"https:\\\/\\\/portaldosandaimes.com\\\/es\\\/producto\\\/anticaidas-para-herramientas\\\/#breadcrumb\"},\"inLanguage\":\"es\",\"potentialAction\":[{\"@type\":\"ReadAction\",\"target\":[\"https:\\\/\\\/portaldosandaimes.com\\\/es\\\/producto\\\/anticaidas-para-herramientas\\\/\"]}]},{\"@type\":\"ImageObject\",\"inLanguage\":\"es\",\"@id\":\"https:\\\/\\\/portaldosandaimes.com\\\/es\\\/producto\\\/anticaidas-para-herramientas\\\/#primaryimage\",\"url\":\"https:\\\/\\\/portaldosandaimes.com\\\/wp-content\\\/uploads\\\/2023\\\/01\\\/standard-tools-lanyard-antiqueda-para-ferramentas.webp\",\"contentUrl\":\"https:\\\/\\\/portaldosandaimes.com\\\/wp-content\\\/uploads\\\/2023\\\/01\\\/standard-tools-lanyard-antiqueda-para-ferramentas.webp\",\"width\":1180,\"height\":1377},{\"@type\":\"BreadcrumbList\",\"@id\":\"https:\\\/\\\/portaldosandaimes.com\\\/es\\\/producto\\\/anticaidas-para-herramientas\\\/#breadcrumb\",\"itemListElement\":[{\"@type\":\"ListItem\",\"position\":1,\"name\":\"In\u00edcio\",\"item\":\"https:\\\/\\\/portaldosandaimes.com\\\/es\\\/\"},{\"@type\":\"ListItem\",\"position\":2,\"name\":\"productos\",\"item\":\"https:\\\/\\\/portaldosandaimes.com\\\/es\\\/productos\\\/\"},{\"@type\":\"ListItem\",\"position\":3,\"name\":\"Standard Tools Lanyard | Antica\u00eddas para herramientas\"}]},{\"@type\":\"WebSite\",\"@id\":\"https:\\\/\\\/portaldosandaimes.com\\\/es\\\/#website\",\"url\":\"https:\\\/\\\/portaldosandaimes.com\\\/es\\\/\",\"name\":\"Portal dos andaimes\",\"description\":\"Espa\u00e7o dedicado ao mundo do andaimes e aos trabalhos em altura. Com muita informa\u00e7\u00e3o \u00fatil e loja online.\",\"publisher\":{\"@id\":\"https:\\\/\\\/portaldosandaimes.com\\\/es\\\/#organization\"},\"potentialAction\":[{\"@type\":\"SearchAction\",\"target\":{\"@type\":\"EntryPoint\",\"urlTemplate\":\"https:\\\/\\\/portaldosandaimes.com\\\/es\\\/?s={search_term_string}\"},\"query-input\":{\"@type\":\"PropertyValueSpecification\",\"valueRequired\":true,\"valueName\":\"search_term_string\"}}],\"inLanguage\":\"es\"},{\"@type\":\"Organization\",\"@id\":\"https:\\\/\\\/portaldosandaimes.com\\\/es\\\/#organization\",\"name\":\"Portal dos Andaimes\",\"url\":\"https:\\\/\\\/portaldosandaimes.com\\\/es\\\/\",\"logo\":{\"@type\":\"ImageObject\",\"inLanguage\":\"es\",\"@id\":\"https:\\\/\\\/portaldosandaimes.com\\\/es\\\/#\\\/schema\\\/logo\\\/image\\\/\",\"url\":\"https:\\\/\\\/portaldosandaimes.com\\\/wp-content\\\/uploads\\\/2021\\\/08\\\/portal-de-los-andamios.png\",\"contentUrl\":\"https:\\\/\\\/portaldosandaimes.com\\\/wp-content\\\/uploads\\\/2021\\\/08\\\/portal-de-los-andamios.png\",\"width\":162,\"height\":97,\"caption\":\"Portal dos Andaimes\"},\"image\":{\"@id\":\"https:\\\/\\\/portaldosandaimes.com\\\/es\\\/#\\\/schema\\\/logo\\\/image\\\/\"},\"sameAs\":[\"https:\\\/\\\/www.facebook.com\\\/portaldosandaimes\",\"https:\\\/\\\/www.linkedin.com\\\/company\\\/68306809\\\/\"]}]}<\/script>\n<!-- \/ Yoast SEO plugin. -->","yoast_head_json":{"title":"Antica\u00eddas para herramientas - Standard Tools Lanyard","description":"Dispositivo antica\u00eddas para herramientas de hasta 2,3 kg y con una longitud m\u00e1xima de 1,20 m, dise\u00f1ado para fomentar la productividad y la seguridad en el trabajo.","robots":{"index":"index","follow":"follow","max-snippet":"max-snippet:-1","max-image-preview":"max-image-preview:large","max-video-preview":"max-video-preview:-1"},"canonical":"https:\/\/portaldosandaimes.com\/es\/producto\/anticaidas-para-herramientas\/","og_locale":"es_ES","og_type":"article","og_title":"Antica\u00eddas para herramientas - Standard Tools Lanyard","og_description":"Dispositivo antica\u00eddas para herramientas de hasta 2,3 kg y con una longitud m\u00e1xima de 1,20 m, dise\u00f1ado para fomentar la productividad y la seguridad en el trabajo.","og_url":"https:\/\/portaldosandaimes.com\/es\/producto\/anticaidas-para-herramientas\/","og_site_name":"Portal dos Andaimes","article_publisher":"https:\/\/www.facebook.com\/portaldosandaimes","og_image":[{"url":"https:\/\/portaldosandaimes.com\/wp-content\/uploads\/2023\/01\/standard-tools-lanyard-antiqueda-para-ferramentas-257x300.jpg","type":"","width":"","height":""}],"twitter_card":"summary_large_image","twitter_misc":{"Tiempo de lectura":"1 minuto"},"schema":{"@context":"https:\/\/schema.org","@graph":[{"@type":"WebPage","@id":"https:\/\/portaldosandaimes.com\/es\/producto\/anticaidas-para-herramientas\/","url":"https:\/\/portaldosandaimes.com\/es\/producto\/anticaidas-para-herramientas\/","name":"Antica\u00eddas para herramientas - Standard Tools Lanyard","isPartOf":{"@id":"https:\/\/portaldosandaimes.com\/es\/#website"},"primaryImageOfPage":{"@id":"https:\/\/portaldosandaimes.com\/es\/producto\/anticaidas-para-herramientas\/#primaryimage"},"image":{"@id":"https:\/\/portaldosandaimes.com\/es\/producto\/anticaidas-para-herramientas\/#primaryimage"},"thumbnailUrl":"https:\/\/portaldosandaimes.com\/wp-content\/uploads\/2023\/01\/standard-tools-lanyard-antiqueda-para-ferramentas.webp","datePublished":"2023-06-05T14:57:12+00:00","description":"Dispositivo antica\u00eddas para herramientas de hasta 2,3 kg y con una longitud m\u00e1xima de 1,20 m, dise\u00f1ado para fomentar la productividad y la seguridad en el trabajo.","breadcrumb":{"@id":"https:\/\/portaldosandaimes.com\/es\/producto\/anticaidas-para-herramientas\/#breadcrumb"},"inLanguage":"es","potentialAction":[{"@type":"ReadAction","target":["https:\/\/portaldosandaimes.com\/es\/producto\/anticaidas-para-herramientas\/"]}]},{"@type":"ImageObject","inLanguage":"es","@id":"https:\/\/portaldosandaimes.com\/es\/producto\/anticaidas-para-herramientas\/#primaryimage","url":"https:\/\/portaldosandaimes.com\/wp-content\/uploads\/2023\/01\/standard-tools-lanyard-antiqueda-para-ferramentas.webp","contentUrl":"https:\/\/portaldosandaimes.com\/wp-content\/uploads\/2023\/01\/standard-tools-lanyard-antiqueda-para-ferramentas.webp","width":1180,"height":1377},{"@type":"BreadcrumbList","@id":"https:\/\/portaldosandaimes.com\/es\/producto\/anticaidas-para-herramientas\/#breadcrumb","itemListElement":[{"@type":"ListItem","position":1,"name":"In\u00edcio","item":"https:\/\/portaldosandaimes.com\/es\/"},{"@type":"ListItem","position":2,"name":"productos","item":"https:\/\/portaldosandaimes.com\/es\/productos\/"},{"@type":"ListItem","position":3,"name":"Standard Tools Lanyard | Antica\u00eddas para herramientas"}]},{"@type":"WebSite","@id":"https:\/\/portaldosandaimes.com\/es\/#website","url":"https:\/\/portaldosandaimes.com\/es\/","name":"Portal dos andaimes","description":"Espa\u00e7o dedicado ao mundo do andaimes e aos trabalhos em altura. Com muita informa\u00e7\u00e3o \u00fatil e loja online.","publisher":{"@id":"https:\/\/portaldosandaimes.com\/es\/#organization"},"potentialAction":[{"@type":"SearchAction","target":{"@type":"EntryPoint","urlTemplate":"https:\/\/portaldosandaimes.com\/es\/?s={search_term_string}"},"query-input":{"@type":"PropertyValueSpecification","valueRequired":true,"valueName":"search_term_string"}}],"inLanguage":"es"},{"@type":"Organization","@id":"https:\/\/portaldosandaimes.com\/es\/#organization","name":"Portal dos Andaimes","url":"https:\/\/portaldosandaimes.com\/es\/","logo":{"@type":"ImageObject","inLanguage":"es","@id":"https:\/\/portaldosandaimes.com\/es\/#\/schema\/logo\/image\/","url":"https:\/\/portaldosandaimes.com\/wp-content\/uploads\/2021\/08\/portal-de-los-andamios.png","contentUrl":"https:\/\/portaldosandaimes.com\/wp-content\/uploads\/2021\/08\/portal-de-los-andamios.png","width":162,"height":97,"caption":"Portal dos Andaimes"},"image":{"@id":"https:\/\/portaldosandaimes.com\/es\/#\/schema\/logo\/image\/"},"sameAs":["https:\/\/www.facebook.com\/portaldosandaimes","https:\/\/www.linkedin.com\/company\/68306809\/"]}]}},"_links":{"self":[{"href":"https:\/\/portaldosandaimes.com\/es\/wp-json\/wp\/v2\/product\/16882","targetHints":{"allow":["GET"]}}],"collection":[{"href":"https:\/\/portaldosandaimes.com\/es\/wp-json\/wp\/v2\/product"}],"about":[{"href":"https:\/\/portaldosandaimes.com\/es\/wp-json\/wp\/v2\/types\/product"}],"replies":[{"embeddable":true,"href":"https:\/\/portaldosandaimes.com\/es\/wp-json\/wp\/v2\/comments?post=16882"}],"wp:featuredmedia":[{"embeddable":true,"href":"https:\/\/portaldosandaimes.com\/es\/wp-json\/wp\/v2\/media\/16628"}],"wp:attachment":[{"href":"https:\/\/portaldosandaimes.com\/es\/wp-json\/wp\/v2\/media?parent=16882"}],"wp:term":[{"taxonomy":"product_brand","embeddable":true,"href":"https:\/\/portaldosandaimes.com\/es\/wp-json\/wp\/v2\/product_brand?post=16882"},{"taxonomy":"product_cat","embeddable":true,"href":"https:\/\/portaldosandaimes.com\/es\/wp-json\/wp\/v2\/product_cat?post=16882"},{"taxonomy":"product_tag","embeddable":true,"href":"https:\/\/portaldosandaimes.com\/es\/wp-json\/wp\/v2\/product_tag?post=16882"}],"curies":[{"name":"wp","href":"https:\/\/api.w.org\/{rel}","templated":true}]}}