{"id":16884,"date":"2023-01-10T15:29:14","date_gmt":"2023-06-05T15:06:30","guid":{"rendered":"https:\/\/portaldosandaimes.com\/produto\/heavy-duty-tools-lanyard\/"},"modified":"2023-06-05T15:06:30","modified_gmt":"2023-06-05T15:06:30","slug":"heavy-duty-tools-lanyard","status":"publish","type":"product","link":"https:\/\/portaldosandaimes.com\/es\/producto\/heavy-duty-tools-lanyard\/","title":{"rendered":"Heavy Duty Tools Lanyard"},"content":{"rendered":"<p><strong>Heavy Duty Tools Lanyard<\/strong> es un dispositivo de seguridad para herramientas que evita el riesgo de ca\u00edda de objetos en trabajos en altura y, al mismo tiempo, simplifica el d\u00eda a d\u00eda del trabajador, favoreciendo su productividad.<\/p>\n<p>Este dispositivo de seguridad para herramientas incluye dos mosquetones f\u00e1ciles de apretar, con r\u00f3tula integrada para evitar torsiones, y tiene una capacidad de carga m\u00e1xima de 5 kg.<\/p>\n<h2 class=\"fusion-responsive-typography-calculated\" data-fontsize=\"18\" data-lineheight=\"27px\">Especificaciones del Heavy Duty Tools Lanyard<\/h2>\n<ul>\n<li><strong>Incluye:<\/strong> Correa y dos mosquetones de f\u00e1cil apriete con eslab\u00f3n giratorio<\/li>\n<li><strong>Capacidad m\u00e1xima de trabajo :<\/strong> 5kg<\/li>\n<li><strong>Longitud:<\/strong> de 70 cm a 2 m<\/li>\n<li><strong>Peso: <\/strong>0.125Kg<\/li>\n<li><strong>Nota de uso:<\/strong> Esta eslinga para herramientas no debe utilizarse como dispositivo antica\u00eddas para personas.<\/li>\n<\/ul>\n<h3 class=\"fusion-responsive-typography-calculated\" data-fontsize=\"17\" data-lineheight=\"23.97px\">Contextos de uso<\/h3>\n<ul>\n<li><a href=\"https:\/\/portaldosandaimes.com\/\">Andamios<\/a><\/li>\n<li>Arborismo<\/li>\n<li>Espacios confinados<\/li>\n<li>Plataformas de acceso<\/li>\n<li>Torres e\u00f3licas y de comunicaciones<\/li>\n<li>Rescate<\/li>\n<li>Offshore<\/li>\n<li>Construcci\u00f3n<\/li>\n<\/ul>\n<p><strong>Documentaci\u00f3n<\/strong><\/p>\n<ul>\n<li><a href=\"https:\/\/portaldosandaimes.com\/wp-content\/uploads\/2023\/01\/ficha-tecnica-heavy-duty-tools-lanyard.pdf\" target=\"_blank\" rel=\"noopener\">Ficha T\u00e9cnica<\/a><\/li>\n<li><a href=\"https:\/\/portaldosandaimes.com\/wp-content\/uploads\/2023\/01\/instrucoes-heavy-duty-tools-lanyard.pdf\" target=\"_blank\" rel=\"noopener\">Instrucciones<\/a><\/li>\n<\/ul>\n","protected":false},"excerpt":{"rendered":"<p>El <strong>Heavy Duty Tools Lanyard<\/strong> es una correa de seguridad para herramientas que evita el riesgo de ca\u00edda de objetos y simplifica las tareas cotidianas.<\/p>\n","protected":false},"featured_media":16612,"comment_status":"open","ping_status":"closed","template":"","meta":[],"product_brand":[],"product_cat":[213,217],"product_tag":[223,224,227,228,229,231,234,233,232,222],"class_list":{"0":"post-16884","1":"product","2":"type-product","3":"status-publish","4":"has-post-thumbnail","6":"product_cat-equipo-andamio-trabajos-verticales","7":"product_cat-herramientas-manuales","8":"product_tag-arborismo-es","9":"product_tag-construccion","10":"product_tag-montagen-de-andamios","11":"product_tag-offshore-es","12":"product_tag-plataformas-de-acceso","13":"product_tag-rescate","14":"product_tag-torres-de-comunicacion","15":"product_tag-torres-de-viento","16":"product_tag-trabajos-de-techo","17":"product_tag-trabajos-verticales","19":"first","20":"instock","21":"taxable","22":"shipping-taxable","23":"purchasable","24":"product-type-simple"},"yoast_head":"<!-- This site is optimized with the Yoast SEO plugin v27.4 - https:\/\/yoast.com\/product\/yoast-seo-wordpress\/ -->\n<title>Tools Lanyard - Heavy Duty | Cintur\u00f3n de herramientas<\/title>\n<meta name=\"description\" content=\"El Heavy Duty Tools Lanyard es una correa de seguridad para herramientas de hasta 5 kg,con dos mosquetones con eslab\u00f3n giratorio. Evita el riesgo de ca\u00edda de objetos,\" \/>\n<meta name=\"robots\" content=\"index, follow, max-snippet:-1, max-image-preview:large, max-video-preview:-1\" \/>\n<link rel=\"canonical\" href=\"https:\/\/portaldosandaimes.com\/es\/producto\/heavy-duty-tools-lanyard\/\" \/>\n<meta property=\"og:locale\" content=\"es_ES\" \/>\n<meta property=\"og:type\" content=\"article\" \/>\n<meta property=\"og:title\" content=\"Tools Lanyard - Heavy Duty | Cintur\u00f3n de herramientas\" \/>\n<meta property=\"og:description\" content=\"El Heavy Duty Tools Lanyard es una correa de seguridad para herramientas de hasta 5 kg,con dos mosquetones con eslab\u00f3n giratorio. Evita el riesgo de ca\u00edda de objetos,\" \/>\n<meta property=\"og:url\" content=\"https:\/\/portaldosandaimes.com\/es\/producto\/heavy-duty-tools-lanyard\/\" \/>\n<meta property=\"og:site_name\" content=\"Portal dos Andaimes\" \/>\n<meta property=\"article:publisher\" content=\"https:\/\/www.facebook.com\/portaldosandaimes\" \/>\n<meta property=\"og:image\" content=\"https:\/\/portaldosandaimes.com\/wp-content\/uploads\/2023\/01\/heavy-duty-tools-lanyard-257x300.jpg\" \/>\n<meta name=\"twitter:card\" content=\"summary_large_image\" \/>\n<meta name=\"twitter:label1\" content=\"Tiempo de lectura\" \/>\n\t<meta name=\"twitter:data1\" content=\"1 minuto\" \/>\n<script type=\"application\/ld+json\" class=\"yoast-schema-graph\">{\"@context\":\"https:\\\/\\\/schema.org\",\"@graph\":[{\"@type\":\"WebPage\",\"@id\":\"https:\\\/\\\/portaldosandaimes.com\\\/es\\\/producto\\\/heavy-duty-tools-lanyard\\\/\",\"url\":\"https:\\\/\\\/portaldosandaimes.com\\\/es\\\/producto\\\/heavy-duty-tools-lanyard\\\/\",\"name\":\"Tools Lanyard - Heavy Duty | Cintur\u00f3n de herramientas\",\"isPartOf\":{\"@id\":\"https:\\\/\\\/portaldosandaimes.com\\\/es\\\/#website\"},\"primaryImageOfPage\":{\"@id\":\"https:\\\/\\\/portaldosandaimes.com\\\/es\\\/producto\\\/heavy-duty-tools-lanyard\\\/#primaryimage\"},\"image\":{\"@id\":\"https:\\\/\\\/portaldosandaimes.com\\\/es\\\/producto\\\/heavy-duty-tools-lanyard\\\/#primaryimage\"},\"thumbnailUrl\":\"https:\\\/\\\/portaldosandaimes.com\\\/wp-content\\\/uploads\\\/2023\\\/01\\\/heavy-duty-tools-lanyard.webp\",\"datePublished\":\"2023-06-05T15:06:30+00:00\",\"description\":\"El Heavy Duty Tools Lanyard es una correa de seguridad para herramientas de hasta 5 kg,con dos mosquetones con eslab\u00f3n giratorio. Evita el riesgo de ca\u00edda de objetos,\",\"breadcrumb\":{\"@id\":\"https:\\\/\\\/portaldosandaimes.com\\\/es\\\/producto\\\/heavy-duty-tools-lanyard\\\/#breadcrumb\"},\"inLanguage\":\"es\",\"potentialAction\":[{\"@type\":\"ReadAction\",\"target\":[\"https:\\\/\\\/portaldosandaimes.com\\\/es\\\/producto\\\/heavy-duty-tools-lanyard\\\/\"]}]},{\"@type\":\"ImageObject\",\"inLanguage\":\"es\",\"@id\":\"https:\\\/\\\/portaldosandaimes.com\\\/es\\\/producto\\\/heavy-duty-tools-lanyard\\\/#primaryimage\",\"url\":\"https:\\\/\\\/portaldosandaimes.com\\\/wp-content\\\/uploads\\\/2023\\\/01\\\/heavy-duty-tools-lanyard.webp\",\"contentUrl\":\"https:\\\/\\\/portaldosandaimes.com\\\/wp-content\\\/uploads\\\/2023\\\/01\\\/heavy-duty-tools-lanyard.webp\",\"width\":1180,\"height\":1377,\"caption\":\"heavy duty tools lanyard\"},{\"@type\":\"BreadcrumbList\",\"@id\":\"https:\\\/\\\/portaldosandaimes.com\\\/es\\\/producto\\\/heavy-duty-tools-lanyard\\\/#breadcrumb\",\"itemListElement\":[{\"@type\":\"ListItem\",\"position\":1,\"name\":\"In\u00edcio\",\"item\":\"https:\\\/\\\/portaldosandaimes.com\\\/es\\\/\"},{\"@type\":\"ListItem\",\"position\":2,\"name\":\"productos\",\"item\":\"https:\\\/\\\/portaldosandaimes.com\\\/es\\\/productos\\\/\"},{\"@type\":\"ListItem\",\"position\":3,\"name\":\"Heavy Duty Tools Lanyard\"}]},{\"@type\":\"WebSite\",\"@id\":\"https:\\\/\\\/portaldosandaimes.com\\\/es\\\/#website\",\"url\":\"https:\\\/\\\/portaldosandaimes.com\\\/es\\\/\",\"name\":\"Portal dos andaimes\",\"description\":\"Espa\u00e7o dedicado ao mundo do andaimes e aos trabalhos em altura. Com muita informa\u00e7\u00e3o \u00fatil e loja online.\",\"publisher\":{\"@id\":\"https:\\\/\\\/portaldosandaimes.com\\\/es\\\/#organization\"},\"potentialAction\":[{\"@type\":\"SearchAction\",\"target\":{\"@type\":\"EntryPoint\",\"urlTemplate\":\"https:\\\/\\\/portaldosandaimes.com\\\/es\\\/?s={search_term_string}\"},\"query-input\":{\"@type\":\"PropertyValueSpecification\",\"valueRequired\":true,\"valueName\":\"search_term_string\"}}],\"inLanguage\":\"es\"},{\"@type\":\"Organization\",\"@id\":\"https:\\\/\\\/portaldosandaimes.com\\\/es\\\/#organization\",\"name\":\"Portal dos Andaimes\",\"url\":\"https:\\\/\\\/portaldosandaimes.com\\\/es\\\/\",\"logo\":{\"@type\":\"ImageObject\",\"inLanguage\":\"es\",\"@id\":\"https:\\\/\\\/portaldosandaimes.com\\\/es\\\/#\\\/schema\\\/logo\\\/image\\\/\",\"url\":\"https:\\\/\\\/portaldosandaimes.com\\\/wp-content\\\/uploads\\\/2021\\\/08\\\/portal-de-los-andamios.png\",\"contentUrl\":\"https:\\\/\\\/portaldosandaimes.com\\\/wp-content\\\/uploads\\\/2021\\\/08\\\/portal-de-los-andamios.png\",\"width\":162,\"height\":97,\"caption\":\"Portal dos Andaimes\"},\"image\":{\"@id\":\"https:\\\/\\\/portaldosandaimes.com\\\/es\\\/#\\\/schema\\\/logo\\\/image\\\/\"},\"sameAs\":[\"https:\\\/\\\/www.facebook.com\\\/portaldosandaimes\",\"https:\\\/\\\/www.linkedin.com\\\/company\\\/68306809\\\/\"]}]}<\/script>\n<!-- \/ Yoast SEO plugin. -->","yoast_head_json":{"title":"Tools Lanyard - Heavy Duty | Cintur\u00f3n de herramientas","description":"El Heavy Duty Tools Lanyard es una correa de seguridad para herramientas de hasta 5 kg,con dos mosquetones con eslab\u00f3n giratorio. Evita el riesgo de ca\u00edda de objetos,","robots":{"index":"index","follow":"follow","max-snippet":"max-snippet:-1","max-image-preview":"max-image-preview:large","max-video-preview":"max-video-preview:-1"},"canonical":"https:\/\/portaldosandaimes.com\/es\/producto\/heavy-duty-tools-lanyard\/","og_locale":"es_ES","og_type":"article","og_title":"Tools Lanyard - Heavy Duty | Cintur\u00f3n de herramientas","og_description":"El Heavy Duty Tools Lanyard es una correa de seguridad para herramientas de hasta 5 kg,con dos mosquetones con eslab\u00f3n giratorio. Evita el riesgo de ca\u00edda de objetos,","og_url":"https:\/\/portaldosandaimes.com\/es\/producto\/heavy-duty-tools-lanyard\/","og_site_name":"Portal dos Andaimes","article_publisher":"https:\/\/www.facebook.com\/portaldosandaimes","og_image":[{"url":"https:\/\/portaldosandaimes.com\/wp-content\/uploads\/2023\/01\/heavy-duty-tools-lanyard-257x300.jpg","type":"","width":"","height":""}],"twitter_card":"summary_large_image","twitter_misc":{"Tiempo de lectura":"1 minuto"},"schema":{"@context":"https:\/\/schema.org","@graph":[{"@type":"WebPage","@id":"https:\/\/portaldosandaimes.com\/es\/producto\/heavy-duty-tools-lanyard\/","url":"https:\/\/portaldosandaimes.com\/es\/producto\/heavy-duty-tools-lanyard\/","name":"Tools Lanyard - Heavy Duty | Cintur\u00f3n de herramientas","isPartOf":{"@id":"https:\/\/portaldosandaimes.com\/es\/#website"},"primaryImageOfPage":{"@id":"https:\/\/portaldosandaimes.com\/es\/producto\/heavy-duty-tools-lanyard\/#primaryimage"},"image":{"@id":"https:\/\/portaldosandaimes.com\/es\/producto\/heavy-duty-tools-lanyard\/#primaryimage"},"thumbnailUrl":"https:\/\/portaldosandaimes.com\/wp-content\/uploads\/2023\/01\/heavy-duty-tools-lanyard.webp","datePublished":"2023-06-05T15:06:30+00:00","description":"El Heavy Duty Tools Lanyard es una correa de seguridad para herramientas de hasta 5 kg,con dos mosquetones con eslab\u00f3n giratorio. Evita el riesgo de ca\u00edda de objetos,","breadcrumb":{"@id":"https:\/\/portaldosandaimes.com\/es\/producto\/heavy-duty-tools-lanyard\/#breadcrumb"},"inLanguage":"es","potentialAction":[{"@type":"ReadAction","target":["https:\/\/portaldosandaimes.com\/es\/producto\/heavy-duty-tools-lanyard\/"]}]},{"@type":"ImageObject","inLanguage":"es","@id":"https:\/\/portaldosandaimes.com\/es\/producto\/heavy-duty-tools-lanyard\/#primaryimage","url":"https:\/\/portaldosandaimes.com\/wp-content\/uploads\/2023\/01\/heavy-duty-tools-lanyard.webp","contentUrl":"https:\/\/portaldosandaimes.com\/wp-content\/uploads\/2023\/01\/heavy-duty-tools-lanyard.webp","width":1180,"height":1377,"caption":"heavy duty tools lanyard"},{"@type":"BreadcrumbList","@id":"https:\/\/portaldosandaimes.com\/es\/producto\/heavy-duty-tools-lanyard\/#breadcrumb","itemListElement":[{"@type":"ListItem","position":1,"name":"In\u00edcio","item":"https:\/\/portaldosandaimes.com\/es\/"},{"@type":"ListItem","position":2,"name":"productos","item":"https:\/\/portaldosandaimes.com\/es\/productos\/"},{"@type":"ListItem","position":3,"name":"Heavy Duty Tools Lanyard"}]},{"@type":"WebSite","@id":"https:\/\/portaldosandaimes.com\/es\/#website","url":"https:\/\/portaldosandaimes.com\/es\/","name":"Portal dos andaimes","description":"Espa\u00e7o dedicado ao mundo do andaimes e aos trabalhos em altura. Com muita informa\u00e7\u00e3o \u00fatil e loja online.","publisher":{"@id":"https:\/\/portaldosandaimes.com\/es\/#organization"},"potentialAction":[{"@type":"SearchAction","target":{"@type":"EntryPoint","urlTemplate":"https:\/\/portaldosandaimes.com\/es\/?s={search_term_string}"},"query-input":{"@type":"PropertyValueSpecification","valueRequired":true,"valueName":"search_term_string"}}],"inLanguage":"es"},{"@type":"Organization","@id":"https:\/\/portaldosandaimes.com\/es\/#organization","name":"Portal dos Andaimes","url":"https:\/\/portaldosandaimes.com\/es\/","logo":{"@type":"ImageObject","inLanguage":"es","@id":"https:\/\/portaldosandaimes.com\/es\/#\/schema\/logo\/image\/","url":"https:\/\/portaldosandaimes.com\/wp-content\/uploads\/2021\/08\/portal-de-los-andamios.png","contentUrl":"https:\/\/portaldosandaimes.com\/wp-content\/uploads\/2021\/08\/portal-de-los-andamios.png","width":162,"height":97,"caption":"Portal dos Andaimes"},"image":{"@id":"https:\/\/portaldosandaimes.com\/es\/#\/schema\/logo\/image\/"},"sameAs":["https:\/\/www.facebook.com\/portaldosandaimes","https:\/\/www.linkedin.com\/company\/68306809\/"]}]}},"_links":{"self":[{"href":"https:\/\/portaldosandaimes.com\/es\/wp-json\/wp\/v2\/product\/16884","targetHints":{"allow":["GET"]}}],"collection":[{"href":"https:\/\/portaldosandaimes.com\/es\/wp-json\/wp\/v2\/product"}],"about":[{"href":"https:\/\/portaldosandaimes.com\/es\/wp-json\/wp\/v2\/types\/product"}],"replies":[{"embeddable":true,"href":"https:\/\/portaldosandaimes.com\/es\/wp-json\/wp\/v2\/comments?post=16884"}],"wp:featuredmedia":[{"embeddable":true,"href":"https:\/\/portaldosandaimes.com\/es\/wp-json\/wp\/v2\/media\/16612"}],"wp:attachment":[{"href":"https:\/\/portaldosandaimes.com\/es\/wp-json\/wp\/v2\/media?parent=16884"}],"wp:term":[{"taxonomy":"product_brand","embeddable":true,"href":"https:\/\/portaldosandaimes.com\/es\/wp-json\/wp\/v2\/product_brand?post=16884"},{"taxonomy":"product_cat","embeddable":true,"href":"https:\/\/portaldosandaimes.com\/es\/wp-json\/wp\/v2\/product_cat?post=16884"},{"taxonomy":"product_tag","embeddable":true,"href":"https:\/\/portaldosandaimes.com\/es\/wp-json\/wp\/v2\/product_tag?post=16884"}],"curies":[{"name":"wp","href":"https:\/\/api.w.org\/{rel}","templated":true}]}}