{"id":16892,"date":"2022-11-29T13:50:18","date_gmt":"2023-06-05T15:38:09","guid":{"rendered":"https:\/\/portaldosandaimes.com\/produto\/llave-de-carraca-para-andamios\/"},"modified":"2023-06-05T15:38:09","modified_gmt":"2023-06-05T15:38:09","slug":"llave-de-carraca-para-andamios-19x22","status":"publish","type":"product","link":"https:\/\/portaldosandaimes.com\/es\/producto\/llave-de-carraca-para-andamios-19x22\/","title":{"rendered":"Llave de Carraca para Andamios"},"content":{"rendered":"<p><strong>Llave de carraca para andamios<\/strong> con dise\u00f1o <strong>bidireccional reversible<\/strong>, ideal para simplificar el apriete y <strong>afloje de amarres<\/strong>.<\/p>\n<p>Con un perfil bi-hexagonal, tiene dos tama\u00f1os, 19 mm y 22 mm, y permite alternar f\u00e1cilmente el sentido de giro de la carraca. Adem\u00e1s, el extremo puntiagudo de la carraca puede utilizarse para alinear los orificios del andamio.<\/p>\n<p>Fabricada en acero al cromo vanadio, esta <a href=\"\/?product_cat=equipamentos-andaimes-acesso-por-cordas\">herramienta<\/a> indispensable de TOPTUL es robusta y resistente, y ha sido dise\u00f1ada para aumentar la productividad y la eficiencia de los <a href=\"\/?p=12237\"><strong>montadores de andamios<\/strong><\/a>, a trav\u00e9s de la comodidad y la simplicidad de uso.<\/p>\n<h2>Especificaciones de la llave de carraca para andamios TOPTUL<\/h2>\n<ul>\n<li><strong>Dimensiones<\/strong>: 3,91 x 5,08 x 31,75cm<\/li>\n<li><strong>Peso<\/strong>: 680 Gramos<\/li>\n<li><strong>Material<\/strong>: Cromo-vanadio<\/li>\n<li><strong>Tama\u00f1o de la llave<\/strong>: 19mm x 22mm<\/li>\n<li><strong>Perfil de la llave<\/strong>: Bi-hezagonal<\/li>\n<li><strong>Color:<\/strong> cromo satinado<\/li>\n<\/ul>\n<p>&nbsp;<\/p>\n<p>&nbsp;<\/p>\n","protected":false},"excerpt":{"rendered":"<p><strong>Llave de carraca<\/strong> o carraca 19&#215;22, con dise\u00f1o bidireccional reversible, <strong>ideal para montadores de andamios.<\/strong><\/p>\n","protected":false},"featured_media":16459,"comment_status":"open","ping_status":"closed","template":"","meta":[],"product_brand":[],"product_cat":[213,217],"product_tag":[224,227],"class_list":{"0":"post-16892","1":"product","2":"type-product","3":"status-publish","4":"has-post-thumbnail","6":"product_cat-equipo-andamio-trabajos-verticales","7":"product_cat-herramientas-manuales","8":"product_tag-construccion","9":"product_tag-montagen-de-andamios","11":"first","12":"instock","13":"taxable","14":"shipping-taxable","15":"purchasable","16":"product-type-simple"},"yoast_head":"<!-- This site is optimized with the Yoast SEO plugin v27.4 - https:\/\/yoast.com\/product\/yoast-seo-wordpress\/ -->\n<title>Llave de Carraca para Andamios | Portal dos Andaimes<\/title>\n<meta name=\"description\" content=\"Llave de carraca para andamios, con dise\u00f1o bidireccional reversible, ideal para apretar y aflojar abrazaderas de forma f\u00e1cil y simplificada.\" \/>\n<meta name=\"robots\" content=\"index, follow, max-snippet:-1, max-image-preview:large, max-video-preview:-1\" \/>\n<link rel=\"canonical\" href=\"https:\/\/portaldosandaimes.com\/es\/producto\/llave-de-carraca-para-andamios-19x22\/\" \/>\n<meta property=\"og:locale\" content=\"es_ES\" \/>\n<meta property=\"og:type\" content=\"article\" \/>\n<meta property=\"og:title\" content=\"Llave de Carraca para Andamios | Portal dos Andaimes\" \/>\n<meta property=\"og:description\" content=\"Llave de carraca para andamios, con dise\u00f1o bidireccional reversible, ideal para apretar y aflojar abrazaderas de forma f\u00e1cil y simplificada.\" \/>\n<meta property=\"og:url\" content=\"https:\/\/portaldosandaimes.com\/es\/producto\/llave-de-carraca-para-andamios-19x22\/\" \/>\n<meta property=\"og:site_name\" content=\"Portal dos Andaimes\" \/>\n<meta property=\"article:publisher\" content=\"https:\/\/www.facebook.com\/portaldosandaimes\" \/>\n<meta property=\"og:image\" content=\"https:\/\/portaldosandaimes.com\/wp-content\/uploads\/2022\/11\/chave-roquete-para-montadores-de-andaimes-19x22-1-257x300.jpg\" \/>\n<meta name=\"twitter:card\" content=\"summary_large_image\" \/>\n<meta name=\"twitter:label1\" content=\"Tiempo de lectura\" \/>\n\t<meta name=\"twitter:data1\" content=\"1 minuto\" \/>\n<script type=\"application\/ld+json\" class=\"yoast-schema-graph\">{\"@context\":\"https:\\\/\\\/schema.org\",\"@graph\":[{\"@type\":\"WebPage\",\"@id\":\"https:\\\/\\\/portaldosandaimes.com\\\/es\\\/producto\\\/llave-de-carraca-para-andamios-19x22\\\/\",\"url\":\"https:\\\/\\\/portaldosandaimes.com\\\/es\\\/producto\\\/llave-de-carraca-para-andamios-19x22\\\/\",\"name\":\"Llave de Carraca para Andamios | Portal dos Andaimes\",\"isPartOf\":{\"@id\":\"https:\\\/\\\/portaldosandaimes.com\\\/es\\\/#website\"},\"primaryImageOfPage\":{\"@id\":\"https:\\\/\\\/portaldosandaimes.com\\\/es\\\/producto\\\/llave-de-carraca-para-andamios-19x22\\\/#primaryimage\"},\"image\":{\"@id\":\"https:\\\/\\\/portaldosandaimes.com\\\/es\\\/producto\\\/llave-de-carraca-para-andamios-19x22\\\/#primaryimage\"},\"thumbnailUrl\":\"https:\\\/\\\/portaldosandaimes.com\\\/wp-content\\\/uploads\\\/2022\\\/11\\\/chave-roquete-para-montadores-de-andaimes-19x22-1.webp\",\"datePublished\":\"2023-06-05T15:38:09+00:00\",\"description\":\"Llave de carraca para andamios, con dise\u00f1o bidireccional reversible, ideal para apretar y aflojar abrazaderas de forma f\u00e1cil y simplificada.\",\"breadcrumb\":{\"@id\":\"https:\\\/\\\/portaldosandaimes.com\\\/es\\\/producto\\\/llave-de-carraca-para-andamios-19x22\\\/#breadcrumb\"},\"inLanguage\":\"es\",\"potentialAction\":[{\"@type\":\"ReadAction\",\"target\":[\"https:\\\/\\\/portaldosandaimes.com\\\/es\\\/producto\\\/llave-de-carraca-para-andamios-19x22\\\/\"]}]},{\"@type\":\"ImageObject\",\"inLanguage\":\"es\",\"@id\":\"https:\\\/\\\/portaldosandaimes.com\\\/es\\\/producto\\\/llave-de-carraca-para-andamios-19x22\\\/#primaryimage\",\"url\":\"https:\\\/\\\/portaldosandaimes.com\\\/wp-content\\\/uploads\\\/2022\\\/11\\\/chave-roquete-para-montadores-de-andaimes-19x22-1.webp\",\"contentUrl\":\"https:\\\/\\\/portaldosandaimes.com\\\/wp-content\\\/uploads\\\/2022\\\/11\\\/chave-roquete-para-montadores-de-andaimes-19x22-1.webp\",\"width\":1180,\"height\":1377,\"caption\":\"chave roquete para montadores de andaimes 19x22\"},{\"@type\":\"BreadcrumbList\",\"@id\":\"https:\\\/\\\/portaldosandaimes.com\\\/es\\\/producto\\\/llave-de-carraca-para-andamios-19x22\\\/#breadcrumb\",\"itemListElement\":[{\"@type\":\"ListItem\",\"position\":1,\"name\":\"In\u00edcio\",\"item\":\"https:\\\/\\\/portaldosandaimes.com\\\/es\\\/\"},{\"@type\":\"ListItem\",\"position\":2,\"name\":\"productos\",\"item\":\"https:\\\/\\\/portaldosandaimes.com\\\/es\\\/productos\\\/\"},{\"@type\":\"ListItem\",\"position\":3,\"name\":\"Llave de Carraca para Andamios\"}]},{\"@type\":\"WebSite\",\"@id\":\"https:\\\/\\\/portaldosandaimes.com\\\/es\\\/#website\",\"url\":\"https:\\\/\\\/portaldosandaimes.com\\\/es\\\/\",\"name\":\"Portal dos andaimes\",\"description\":\"Espa\u00e7o dedicado ao mundo do andaimes e aos trabalhos em altura. Com muita informa\u00e7\u00e3o \u00fatil e loja online.\",\"publisher\":{\"@id\":\"https:\\\/\\\/portaldosandaimes.com\\\/es\\\/#organization\"},\"potentialAction\":[{\"@type\":\"SearchAction\",\"target\":{\"@type\":\"EntryPoint\",\"urlTemplate\":\"https:\\\/\\\/portaldosandaimes.com\\\/es\\\/?s={search_term_string}\"},\"query-input\":{\"@type\":\"PropertyValueSpecification\",\"valueRequired\":true,\"valueName\":\"search_term_string\"}}],\"inLanguage\":\"es\"},{\"@type\":\"Organization\",\"@id\":\"https:\\\/\\\/portaldosandaimes.com\\\/es\\\/#organization\",\"name\":\"Portal dos Andaimes\",\"url\":\"https:\\\/\\\/portaldosandaimes.com\\\/es\\\/\",\"logo\":{\"@type\":\"ImageObject\",\"inLanguage\":\"es\",\"@id\":\"https:\\\/\\\/portaldosandaimes.com\\\/es\\\/#\\\/schema\\\/logo\\\/image\\\/\",\"url\":\"https:\\\/\\\/portaldosandaimes.com\\\/wp-content\\\/uploads\\\/2021\\\/08\\\/portal-de-los-andamios.png\",\"contentUrl\":\"https:\\\/\\\/portaldosandaimes.com\\\/wp-content\\\/uploads\\\/2021\\\/08\\\/portal-de-los-andamios.png\",\"width\":162,\"height\":97,\"caption\":\"Portal dos Andaimes\"},\"image\":{\"@id\":\"https:\\\/\\\/portaldosandaimes.com\\\/es\\\/#\\\/schema\\\/logo\\\/image\\\/\"},\"sameAs\":[\"https:\\\/\\\/www.facebook.com\\\/portaldosandaimes\",\"https:\\\/\\\/www.linkedin.com\\\/company\\\/68306809\\\/\"]}]}<\/script>\n<!-- \/ Yoast SEO plugin. -->","yoast_head_json":{"title":"Llave de Carraca para Andamios | Portal dos Andaimes","description":"Llave de carraca para andamios, con dise\u00f1o bidireccional reversible, ideal para apretar y aflojar abrazaderas de forma f\u00e1cil y simplificada.","robots":{"index":"index","follow":"follow","max-snippet":"max-snippet:-1","max-image-preview":"max-image-preview:large","max-video-preview":"max-video-preview:-1"},"canonical":"https:\/\/portaldosandaimes.com\/es\/producto\/llave-de-carraca-para-andamios-19x22\/","og_locale":"es_ES","og_type":"article","og_title":"Llave de Carraca para Andamios | Portal dos Andaimes","og_description":"Llave de carraca para andamios, con dise\u00f1o bidireccional reversible, ideal para apretar y aflojar abrazaderas de forma f\u00e1cil y simplificada.","og_url":"https:\/\/portaldosandaimes.com\/es\/producto\/llave-de-carraca-para-andamios-19x22\/","og_site_name":"Portal dos Andaimes","article_publisher":"https:\/\/www.facebook.com\/portaldosandaimes","og_image":[{"url":"https:\/\/portaldosandaimes.com\/wp-content\/uploads\/2022\/11\/chave-roquete-para-montadores-de-andaimes-19x22-1-257x300.jpg","type":"","width":"","height":""}],"twitter_card":"summary_large_image","twitter_misc":{"Tiempo de lectura":"1 minuto"},"schema":{"@context":"https:\/\/schema.org","@graph":[{"@type":"WebPage","@id":"https:\/\/portaldosandaimes.com\/es\/producto\/llave-de-carraca-para-andamios-19x22\/","url":"https:\/\/portaldosandaimes.com\/es\/producto\/llave-de-carraca-para-andamios-19x22\/","name":"Llave de Carraca para Andamios | Portal dos Andaimes","isPartOf":{"@id":"https:\/\/portaldosandaimes.com\/es\/#website"},"primaryImageOfPage":{"@id":"https:\/\/portaldosandaimes.com\/es\/producto\/llave-de-carraca-para-andamios-19x22\/#primaryimage"},"image":{"@id":"https:\/\/portaldosandaimes.com\/es\/producto\/llave-de-carraca-para-andamios-19x22\/#primaryimage"},"thumbnailUrl":"https:\/\/portaldosandaimes.com\/wp-content\/uploads\/2022\/11\/chave-roquete-para-montadores-de-andaimes-19x22-1.webp","datePublished":"2023-06-05T15:38:09+00:00","description":"Llave de carraca para andamios, con dise\u00f1o bidireccional reversible, ideal para apretar y aflojar abrazaderas de forma f\u00e1cil y simplificada.","breadcrumb":{"@id":"https:\/\/portaldosandaimes.com\/es\/producto\/llave-de-carraca-para-andamios-19x22\/#breadcrumb"},"inLanguage":"es","potentialAction":[{"@type":"ReadAction","target":["https:\/\/portaldosandaimes.com\/es\/producto\/llave-de-carraca-para-andamios-19x22\/"]}]},{"@type":"ImageObject","inLanguage":"es","@id":"https:\/\/portaldosandaimes.com\/es\/producto\/llave-de-carraca-para-andamios-19x22\/#primaryimage","url":"https:\/\/portaldosandaimes.com\/wp-content\/uploads\/2022\/11\/chave-roquete-para-montadores-de-andaimes-19x22-1.webp","contentUrl":"https:\/\/portaldosandaimes.com\/wp-content\/uploads\/2022\/11\/chave-roquete-para-montadores-de-andaimes-19x22-1.webp","width":1180,"height":1377,"caption":"chave roquete para montadores de andaimes 19x22"},{"@type":"BreadcrumbList","@id":"https:\/\/portaldosandaimes.com\/es\/producto\/llave-de-carraca-para-andamios-19x22\/#breadcrumb","itemListElement":[{"@type":"ListItem","position":1,"name":"In\u00edcio","item":"https:\/\/portaldosandaimes.com\/es\/"},{"@type":"ListItem","position":2,"name":"productos","item":"https:\/\/portaldosandaimes.com\/es\/productos\/"},{"@type":"ListItem","position":3,"name":"Llave de Carraca para Andamios"}]},{"@type":"WebSite","@id":"https:\/\/portaldosandaimes.com\/es\/#website","url":"https:\/\/portaldosandaimes.com\/es\/","name":"Portal dos andaimes","description":"Espa\u00e7o dedicado ao mundo do andaimes e aos trabalhos em altura. Com muita informa\u00e7\u00e3o \u00fatil e loja online.","publisher":{"@id":"https:\/\/portaldosandaimes.com\/es\/#organization"},"potentialAction":[{"@type":"SearchAction","target":{"@type":"EntryPoint","urlTemplate":"https:\/\/portaldosandaimes.com\/es\/?s={search_term_string}"},"query-input":{"@type":"PropertyValueSpecification","valueRequired":true,"valueName":"search_term_string"}}],"inLanguage":"es"},{"@type":"Organization","@id":"https:\/\/portaldosandaimes.com\/es\/#organization","name":"Portal dos Andaimes","url":"https:\/\/portaldosandaimes.com\/es\/","logo":{"@type":"ImageObject","inLanguage":"es","@id":"https:\/\/portaldosandaimes.com\/es\/#\/schema\/logo\/image\/","url":"https:\/\/portaldosandaimes.com\/wp-content\/uploads\/2021\/08\/portal-de-los-andamios.png","contentUrl":"https:\/\/portaldosandaimes.com\/wp-content\/uploads\/2021\/08\/portal-de-los-andamios.png","width":162,"height":97,"caption":"Portal dos Andaimes"},"image":{"@id":"https:\/\/portaldosandaimes.com\/es\/#\/schema\/logo\/image\/"},"sameAs":["https:\/\/www.facebook.com\/portaldosandaimes","https:\/\/www.linkedin.com\/company\/68306809\/"]}]}},"_links":{"self":[{"href":"https:\/\/portaldosandaimes.com\/es\/wp-json\/wp\/v2\/product\/16892","targetHints":{"allow":["GET"]}}],"collection":[{"href":"https:\/\/portaldosandaimes.com\/es\/wp-json\/wp\/v2\/product"}],"about":[{"href":"https:\/\/portaldosandaimes.com\/es\/wp-json\/wp\/v2\/types\/product"}],"replies":[{"embeddable":true,"href":"https:\/\/portaldosandaimes.com\/es\/wp-json\/wp\/v2\/comments?post=16892"}],"wp:featuredmedia":[{"embeddable":true,"href":"https:\/\/portaldosandaimes.com\/es\/wp-json\/wp\/v2\/media\/16459"}],"wp:attachment":[{"href":"https:\/\/portaldosandaimes.com\/es\/wp-json\/wp\/v2\/media?parent=16892"}],"wp:term":[{"taxonomy":"product_brand","embeddable":true,"href":"https:\/\/portaldosandaimes.com\/es\/wp-json\/wp\/v2\/product_brand?post=16892"},{"taxonomy":"product_cat","embeddable":true,"href":"https:\/\/portaldosandaimes.com\/es\/wp-json\/wp\/v2\/product_cat?post=16892"},{"taxonomy":"product_tag","embeddable":true,"href":"https:\/\/portaldosandaimes.com\/es\/wp-json\/wp\/v2\/product_tag?post=16892"}],"curies":[{"name":"wp","href":"https:\/\/api.w.org\/{rel}","templated":true}]}}