{"id":16908,"date":"2022-10-26T11:01:42","date_gmt":"2023-06-06T14:20:56","guid":{"rendered":"https:\/\/portaldosandaimes.com\/produto\/lineslider-2-0-protector-de-cuerda\/"},"modified":"2023-06-06T14:20:56","modified_gmt":"2023-06-06T14:20:56","slug":"lineslider-2-0-protector-de-cuerda","status":"publish","type":"product","link":"https:\/\/portaldosandaimes.com\/es\/producto\/lineslider-2-0-protector-de-cuerda\/","title":{"rendered":"Lineslider 2.0 | Protector de cuerda"},"content":{"rendered":"<h2>LineSlider 2.0 | Protector de cuerda o eslinga<\/h2>\n<p>El LineSlider es un <strong>protector de cuerda<\/strong> que protege el equipo de la abrasi\u00f3n y las aristas, garantizando una conservaci\u00f3n m\u00e1s eficaz de su integridad.<\/p>\n<p>Con <strong>80 cm de largo y 7 cm de ancho<\/strong>, para que la protecci\u00f3n pueda utilizarse tambi\u00e9n en <strong>cuerdas o eslingas<\/strong>, el LineSlider 2.0 dispone de un cierre de velcro en toda su longitud. Las <strong>4 correas de compartimento en ambos extremos<\/strong> ofrecen muchas opciones de ajuste, <strong>atornilla el protector de cuerda donde realmente quieras<\/strong>.<\/p>\n<h3>Especificaciones<\/h3>\n<ul>\n<li><strong>Adecuado para cuerdas y eslingas de hasta 5 cm de ancho<\/strong><\/li>\n<li><strong>80 cm de largo, 7 cm de ancho (cerrado)<\/strong><\/li>\n<li><strong>Lazos cu\u00e1druples<\/strong> en ambos extremos para asegurar el protector o para instalar varios juntos<\/li>\n<li><strong>2 capas de tejido<\/strong>, fieltro de alta calidad en el exterior, tejido de poli\u00e9ster resistente al desgarro en el interior<\/li>\n<li>Los <strong>bordes reforzados<\/strong> en ambos extremos lo hacen m\u00e1s duradero y robusto<\/li>\n<\/ul>\n","protected":false},"excerpt":{"rendered":"<p>El LineSlider 2.0 es un robusto y fiable protector de cuerda de 2 capas que sirve para preservar la integridad de cuerdas y eslingas. Los bucles en ambos extremos permiten fijarlo en la posici\u00f3n deseada.<\/p>\n","protected":false},"featured_media":15779,"comment_status":"open","ping_status":"closed","template":"","meta":[],"product_brand":[],"product_cat":[213,220],"product_tag":[222],"class_list":{"0":"post-16908","1":"product","2":"type-product","3":"status-publish","4":"has-post-thumbnail","6":"product_cat-equipo-andamio-trabajos-verticales","7":"product_cat-proteccion-colectiva","8":"product_tag-trabajos-verticales","10":"first","11":"instock","12":"sale","13":"taxable","14":"shipping-taxable","15":"purchasable","16":"product-type-simple"},"yoast_head":"<!-- This site is optimized with the Yoast SEO plugin v27.4 - https:\/\/yoast.com\/product\/yoast-seo-wordpress\/ -->\n<title>Protector de cuerda: LineSlider | Portal dos Andaimes<\/title>\n<meta name=\"description\" content=\"El LineSlider 2.0 es un protector de cuerdas robusto y fiable para preservar la integridad de cuerdas y eslingas. Tiene lazos de fijaci\u00f3n en los extremos.\" \/>\n<meta name=\"robots\" content=\"index, follow, max-snippet:-1, max-image-preview:large, max-video-preview:-1\" \/>\n<link rel=\"canonical\" href=\"https:\/\/portaldosandaimes.com\/es\/producto\/lineslider-2-0-protector-de-cuerda\/\" \/>\n<meta property=\"og:locale\" content=\"es_ES\" \/>\n<meta property=\"og:type\" content=\"article\" \/>\n<meta property=\"og:title\" content=\"Protector de cuerda: LineSlider | Portal dos Andaimes\" \/>\n<meta property=\"og:description\" content=\"El LineSlider 2.0 es un protector de cuerdas robusto y fiable para preservar la integridad de cuerdas y eslingas. Tiene lazos de fijaci\u00f3n en los extremos.\" \/>\n<meta property=\"og:url\" content=\"https:\/\/portaldosandaimes.com\/es\/producto\/lineslider-2-0-protector-de-cuerda\/\" \/>\n<meta property=\"og:site_name\" content=\"Portal dos Andaimes\" \/>\n<meta property=\"article:publisher\" content=\"https:\/\/www.facebook.com\/portaldosandaimes\" \/>\n<meta property=\"og:image\" content=\"https:\/\/portaldosandaimes.com\/wp-content\/uploads\/2022\/10\/protecao-de-corda.jpg\" \/>\n\t<meta property=\"og:image:width\" content=\"1180\" \/>\n\t<meta property=\"og:image:height\" content=\"1377\" \/>\n\t<meta property=\"og:image:type\" content=\"image\/jpeg\" \/>\n<meta name=\"twitter:card\" content=\"summary_large_image\" \/>\n<meta name=\"twitter:label1\" content=\"Tiempo de lectura\" \/>\n\t<meta name=\"twitter:data1\" content=\"1 minuto\" \/>\n<script type=\"application\/ld+json\" class=\"yoast-schema-graph\">{\"@context\":\"https:\\\/\\\/schema.org\",\"@graph\":[{\"@type\":\"WebPage\",\"@id\":\"https:\\\/\\\/portaldosandaimes.com\\\/es\\\/producto\\\/lineslider-2-0-protector-de-cuerda\\\/\",\"url\":\"https:\\\/\\\/portaldosandaimes.com\\\/es\\\/producto\\\/lineslider-2-0-protector-de-cuerda\\\/\",\"name\":\"Protector de cuerda: LineSlider | Portal dos Andaimes\",\"isPartOf\":{\"@id\":\"https:\\\/\\\/portaldosandaimes.com\\\/es\\\/#website\"},\"primaryImageOfPage\":{\"@id\":\"https:\\\/\\\/portaldosandaimes.com\\\/es\\\/producto\\\/lineslider-2-0-protector-de-cuerda\\\/#primaryimage\"},\"image\":{\"@id\":\"https:\\\/\\\/portaldosandaimes.com\\\/es\\\/producto\\\/lineslider-2-0-protector-de-cuerda\\\/#primaryimage\"},\"thumbnailUrl\":\"https:\\\/\\\/portaldosandaimes.com\\\/wp-content\\\/uploads\\\/2022\\\/10\\\/protecao-de-corda.jpg\",\"datePublished\":\"2023-06-06T14:20:56+00:00\",\"description\":\"El LineSlider 2.0 es un protector de cuerdas robusto y fiable para preservar la integridad de cuerdas y eslingas. Tiene lazos de fijaci\u00f3n en los extremos.\",\"breadcrumb\":{\"@id\":\"https:\\\/\\\/portaldosandaimes.com\\\/es\\\/producto\\\/lineslider-2-0-protector-de-cuerda\\\/#breadcrumb\"},\"inLanguage\":\"es\",\"potentialAction\":[{\"@type\":\"ReadAction\",\"target\":[\"https:\\\/\\\/portaldosandaimes.com\\\/es\\\/producto\\\/lineslider-2-0-protector-de-cuerda\\\/\"]}]},{\"@type\":\"ImageObject\",\"inLanguage\":\"es\",\"@id\":\"https:\\\/\\\/portaldosandaimes.com\\\/es\\\/producto\\\/lineslider-2-0-protector-de-cuerda\\\/#primaryimage\",\"url\":\"https:\\\/\\\/portaldosandaimes.com\\\/wp-content\\\/uploads\\\/2022\\\/10\\\/protecao-de-corda.jpg\",\"contentUrl\":\"https:\\\/\\\/portaldosandaimes.com\\\/wp-content\\\/uploads\\\/2022\\\/10\\\/protecao-de-corda.jpg\",\"width\":1180,\"height\":1377,\"caption\":\"protetor de corda\"},{\"@type\":\"BreadcrumbList\",\"@id\":\"https:\\\/\\\/portaldosandaimes.com\\\/es\\\/producto\\\/lineslider-2-0-protector-de-cuerda\\\/#breadcrumb\",\"itemListElement\":[{\"@type\":\"ListItem\",\"position\":1,\"name\":\"In\u00edcio\",\"item\":\"https:\\\/\\\/portaldosandaimes.com\\\/es\\\/\"},{\"@type\":\"ListItem\",\"position\":2,\"name\":\"productos\",\"item\":\"https:\\\/\\\/portaldosandaimes.com\\\/es\\\/productos\\\/\"},{\"@type\":\"ListItem\",\"position\":3,\"name\":\"Lineslider 2.0 | Protector de cuerda\"}]},{\"@type\":\"WebSite\",\"@id\":\"https:\\\/\\\/portaldosandaimes.com\\\/es\\\/#website\",\"url\":\"https:\\\/\\\/portaldosandaimes.com\\\/es\\\/\",\"name\":\"Portal dos andaimes\",\"description\":\"Espa\u00e7o dedicado ao mundo do andaimes e aos trabalhos em altura. Com muita informa\u00e7\u00e3o \u00fatil e loja online.\",\"publisher\":{\"@id\":\"https:\\\/\\\/portaldosandaimes.com\\\/es\\\/#organization\"},\"potentialAction\":[{\"@type\":\"SearchAction\",\"target\":{\"@type\":\"EntryPoint\",\"urlTemplate\":\"https:\\\/\\\/portaldosandaimes.com\\\/es\\\/?s={search_term_string}\"},\"query-input\":{\"@type\":\"PropertyValueSpecification\",\"valueRequired\":true,\"valueName\":\"search_term_string\"}}],\"inLanguage\":\"es\"},{\"@type\":\"Organization\",\"@id\":\"https:\\\/\\\/portaldosandaimes.com\\\/es\\\/#organization\",\"name\":\"Portal dos Andaimes\",\"url\":\"https:\\\/\\\/portaldosandaimes.com\\\/es\\\/\",\"logo\":{\"@type\":\"ImageObject\",\"inLanguage\":\"es\",\"@id\":\"https:\\\/\\\/portaldosandaimes.com\\\/es\\\/#\\\/schema\\\/logo\\\/image\\\/\",\"url\":\"https:\\\/\\\/portaldosandaimes.com\\\/wp-content\\\/uploads\\\/2021\\\/08\\\/portal-de-los-andamios.png\",\"contentUrl\":\"https:\\\/\\\/portaldosandaimes.com\\\/wp-content\\\/uploads\\\/2021\\\/08\\\/portal-de-los-andamios.png\",\"width\":162,\"height\":97,\"caption\":\"Portal dos Andaimes\"},\"image\":{\"@id\":\"https:\\\/\\\/portaldosandaimes.com\\\/es\\\/#\\\/schema\\\/logo\\\/image\\\/\"},\"sameAs\":[\"https:\\\/\\\/www.facebook.com\\\/portaldosandaimes\",\"https:\\\/\\\/www.linkedin.com\\\/company\\\/68306809\\\/\"]}]}<\/script>\n<!-- \/ Yoast SEO plugin. -->","yoast_head_json":{"title":"Protector de cuerda: LineSlider | Portal dos Andaimes","description":"El LineSlider 2.0 es un protector de cuerdas robusto y fiable para preservar la integridad de cuerdas y eslingas. Tiene lazos de fijaci\u00f3n en los extremos.","robots":{"index":"index","follow":"follow","max-snippet":"max-snippet:-1","max-image-preview":"max-image-preview:large","max-video-preview":"max-video-preview:-1"},"canonical":"https:\/\/portaldosandaimes.com\/es\/producto\/lineslider-2-0-protector-de-cuerda\/","og_locale":"es_ES","og_type":"article","og_title":"Protector de cuerda: LineSlider | Portal dos Andaimes","og_description":"El LineSlider 2.0 es un protector de cuerdas robusto y fiable para preservar la integridad de cuerdas y eslingas. Tiene lazos de fijaci\u00f3n en los extremos.","og_url":"https:\/\/portaldosandaimes.com\/es\/producto\/lineslider-2-0-protector-de-cuerda\/","og_site_name":"Portal dos Andaimes","article_publisher":"https:\/\/www.facebook.com\/portaldosandaimes","og_image":[{"width":1180,"height":1377,"url":"https:\/\/portaldosandaimes.com\/wp-content\/uploads\/2022\/10\/protecao-de-corda.jpg","type":"image\/jpeg"}],"twitter_card":"summary_large_image","twitter_misc":{"Tiempo de lectura":"1 minuto"},"schema":{"@context":"https:\/\/schema.org","@graph":[{"@type":"WebPage","@id":"https:\/\/portaldosandaimes.com\/es\/producto\/lineslider-2-0-protector-de-cuerda\/","url":"https:\/\/portaldosandaimes.com\/es\/producto\/lineslider-2-0-protector-de-cuerda\/","name":"Protector de cuerda: LineSlider | Portal dos Andaimes","isPartOf":{"@id":"https:\/\/portaldosandaimes.com\/es\/#website"},"primaryImageOfPage":{"@id":"https:\/\/portaldosandaimes.com\/es\/producto\/lineslider-2-0-protector-de-cuerda\/#primaryimage"},"image":{"@id":"https:\/\/portaldosandaimes.com\/es\/producto\/lineslider-2-0-protector-de-cuerda\/#primaryimage"},"thumbnailUrl":"https:\/\/portaldosandaimes.com\/wp-content\/uploads\/2022\/10\/protecao-de-corda.jpg","datePublished":"2023-06-06T14:20:56+00:00","description":"El LineSlider 2.0 es un protector de cuerdas robusto y fiable para preservar la integridad de cuerdas y eslingas. Tiene lazos de fijaci\u00f3n en los extremos.","breadcrumb":{"@id":"https:\/\/portaldosandaimes.com\/es\/producto\/lineslider-2-0-protector-de-cuerda\/#breadcrumb"},"inLanguage":"es","potentialAction":[{"@type":"ReadAction","target":["https:\/\/portaldosandaimes.com\/es\/producto\/lineslider-2-0-protector-de-cuerda\/"]}]},{"@type":"ImageObject","inLanguage":"es","@id":"https:\/\/portaldosandaimes.com\/es\/producto\/lineslider-2-0-protector-de-cuerda\/#primaryimage","url":"https:\/\/portaldosandaimes.com\/wp-content\/uploads\/2022\/10\/protecao-de-corda.jpg","contentUrl":"https:\/\/portaldosandaimes.com\/wp-content\/uploads\/2022\/10\/protecao-de-corda.jpg","width":1180,"height":1377,"caption":"protetor de corda"},{"@type":"BreadcrumbList","@id":"https:\/\/portaldosandaimes.com\/es\/producto\/lineslider-2-0-protector-de-cuerda\/#breadcrumb","itemListElement":[{"@type":"ListItem","position":1,"name":"In\u00edcio","item":"https:\/\/portaldosandaimes.com\/es\/"},{"@type":"ListItem","position":2,"name":"productos","item":"https:\/\/portaldosandaimes.com\/es\/productos\/"},{"@type":"ListItem","position":3,"name":"Lineslider 2.0 | Protector de cuerda"}]},{"@type":"WebSite","@id":"https:\/\/portaldosandaimes.com\/es\/#website","url":"https:\/\/portaldosandaimes.com\/es\/","name":"Portal dos andaimes","description":"Espa\u00e7o dedicado ao mundo do andaimes e aos trabalhos em altura. Com muita informa\u00e7\u00e3o \u00fatil e loja online.","publisher":{"@id":"https:\/\/portaldosandaimes.com\/es\/#organization"},"potentialAction":[{"@type":"SearchAction","target":{"@type":"EntryPoint","urlTemplate":"https:\/\/portaldosandaimes.com\/es\/?s={search_term_string}"},"query-input":{"@type":"PropertyValueSpecification","valueRequired":true,"valueName":"search_term_string"}}],"inLanguage":"es"},{"@type":"Organization","@id":"https:\/\/portaldosandaimes.com\/es\/#organization","name":"Portal dos Andaimes","url":"https:\/\/portaldosandaimes.com\/es\/","logo":{"@type":"ImageObject","inLanguage":"es","@id":"https:\/\/portaldosandaimes.com\/es\/#\/schema\/logo\/image\/","url":"https:\/\/portaldosandaimes.com\/wp-content\/uploads\/2021\/08\/portal-de-los-andamios.png","contentUrl":"https:\/\/portaldosandaimes.com\/wp-content\/uploads\/2021\/08\/portal-de-los-andamios.png","width":162,"height":97,"caption":"Portal dos Andaimes"},"image":{"@id":"https:\/\/portaldosandaimes.com\/es\/#\/schema\/logo\/image\/"},"sameAs":["https:\/\/www.facebook.com\/portaldosandaimes","https:\/\/www.linkedin.com\/company\/68306809\/"]}]}},"_links":{"self":[{"href":"https:\/\/portaldosandaimes.com\/es\/wp-json\/wp\/v2\/product\/16908","targetHints":{"allow":["GET"]}}],"collection":[{"href":"https:\/\/portaldosandaimes.com\/es\/wp-json\/wp\/v2\/product"}],"about":[{"href":"https:\/\/portaldosandaimes.com\/es\/wp-json\/wp\/v2\/types\/product"}],"replies":[{"embeddable":true,"href":"https:\/\/portaldosandaimes.com\/es\/wp-json\/wp\/v2\/comments?post=16908"}],"wp:featuredmedia":[{"embeddable":true,"href":"https:\/\/portaldosandaimes.com\/es\/wp-json\/wp\/v2\/media\/15779"}],"wp:attachment":[{"href":"https:\/\/portaldosandaimes.com\/es\/wp-json\/wp\/v2\/media?parent=16908"}],"wp:term":[{"taxonomy":"product_brand","embeddable":true,"href":"https:\/\/portaldosandaimes.com\/es\/wp-json\/wp\/v2\/product_brand?post=16908"},{"taxonomy":"product_cat","embeddable":true,"href":"https:\/\/portaldosandaimes.com\/es\/wp-json\/wp\/v2\/product_cat?post=16908"},{"taxonomy":"product_tag","embeddable":true,"href":"https:\/\/portaldosandaimes.com\/es\/wp-json\/wp\/v2\/product_tag?post=16908"}],"curies":[{"name":"wp","href":"https:\/\/api.w.org\/{rel}","templated":true}]}}