{"id":16909,"date":"2022-10-21T15:58:10","date_gmt":"2023-06-06T14:32:05","guid":{"rendered":"https:\/\/portaldosandaimes.com\/produto\/linescale-3-dinamometro\/"},"modified":"2023-06-06T14:32:05","modified_gmt":"2023-06-06T14:32:05","slug":"linescale-3-dinamometro","status":"publish","type":"product","link":"https:\/\/portaldosandaimes.com\/es\/producto\/linescale-3-dinamometro\/","title":{"rendered":"LineScale-3: Dinam\u00f3metro"},"content":{"rendered":"<p>El <strong>LineScale-3<\/strong> de \u00faltima generaci\u00f3n es un dinam\u00f3metro <strong>todo en uno.<\/strong> Es r\u00e1pido: 1280Hz, seguro: 10kN (evaluaci\u00f3n PPE) e inteligente: con memoria para almacenar registros internamente.<\/p>\n<p>Suficientemente r\u00e1pido para capturar pruebas din\u00e1micas, y con certificaci\u00f3n EPI es adecuado para profesionales de la industria y trabajos verticales con cuerdas. Esto abre nuevos mercados en comparaci\u00f3n con el predecesor LineScale-2 y cualquier otro dinam\u00f3metro disponible.<\/p>\n<h2><u>Especificaciones del dinam\u00f3metro LineScale-3:<\/u><\/h2>\n<ul>\n<li><strong>Resistencia:<\/strong> 30kN WLL, <strong>90kN (oficial) MBS<\/strong> , probado hasta 110kN m\u00e1x. hasta la rotura<\/li>\n<li><strong>Seguridad<\/strong>: certificado <strong>PPE<\/strong> y <strong>UIAA<\/strong> para 25kN<\/li>\n<li><strong>Tama\u00f1o compacto:<\/strong> 190x90mm, 20mm de grosor y superligero: <strong>s\u00f3lo 520g<\/strong><\/li>\n<li><strong>Velocidad:<\/strong> <strong>velocidad de exploraci\u00f3n m\u00e1xima de 1280 Hz<\/strong> para pantalla, USB y registros integrados (640 Hz opcional)<\/li>\n<li><strong>Conectividad flexible:<\/strong> aplicaci\u00f3n para smartphone <strong>Bluetooth BLE 5.0 w.<\/strong>10Hz (ahorro de energ\u00eda) y 40Hz (BT r\u00e1pido)<\/li>\n<li><strong>Inteligencia:<\/strong> ahorra hasta 50 horas de <strong>registros<\/strong> integrados (230 millones de puntos de datos)<\/li>\n<li><strong>Sobrescritura opcional<\/strong> del archivo de registro integrado m\u00e1s antiguo para un registro infinito hasta la detenci\u00f3n manual.<\/li>\n<li><strong>Registos integrados<\/strong> <strong>download para unidade flash USB<\/strong> (upload autom\u00e1tico para ficar sem plug-in)<\/li>\n<li><strong>Grabaci\u00f3n en directo a 1280 Hz de alta velocida<\/strong>d mediante <strong>conexi\u00f3n USB<\/strong> y software profesional incluido<\/li>\n<li><strong>Ahorro de energ\u00eda:<\/strong> CPU Arm\u00ae Cortex\u00ae-M3 de 32 bits a 72 MHz de alto rendimiento con. Placas de circuito impreso a medida<\/li>\n<li><strong>OLED:<\/strong> Ecr\u00e3 gr\u00e1fico branco monocrom\u00e1tico<\/li>\n<li>Pantalla protectora de <strong>policarbonato<\/strong> de 1,5 mm a prueba de roturas<\/li>\n<li>Bater\u00eda recargable Li-Po de <strong>1600 mAh<\/strong> con hasta 50 horas de funcionamiento continuo<\/li>\n<li>Puertos Micro-USB para carga de bater\u00eda, conexi\u00f3n a PC, descarga de registros en unidad flash USB y actualizaci\u00f3n de firmware<\/li>\n<li>Cuerpo de <strong>bloque macizo de LY12CZ<\/strong> (aluminio de aviaci\u00f3n de alta resistencia)<\/li>\n<li>Fijaci\u00f3n a prueba de cargas cruzadas w. bordes redondeados<\/li>\n<li><strong>IP65<\/strong> a prueba de lluvia, salpicaduras y polvo<\/li>\n<li>Anodizado en <strong>color gris cobre<\/strong><\/li>\n<li>Superficie con acabado granallado satinado extra duro, duradero y antirreflectante.<\/li>\n<li>Dise\u00f1ado en <strong>Alemania<\/strong> , fabricado en China<\/li>\n<\/ul>\n<p><strong>Qu\u00e9 obtiene al comprar el dinam\u00f3metro LineScale-3:<\/strong><\/p>\n<ul>\n<li>aplicaci\u00f3n para iOS y Android<\/li>\n<li>Software de registro de Windows (a\u00fan en desarrollo)<\/li>\n<li>Cable USB<\/li>\n<li>adaptador firmware-flash y un LineScale-Shell gris de fieltro suave<\/li>\n<li>Puedes optar por comprar una caja de pl\u00e1stico con relleno<\/li>\n<\/ul>\n<p><strong>Otras especificaciones<\/strong><\/p>\n<ul>\n<li>L\u00edmite de carga de trabajo (WLL): 30 kN<\/li>\n<li>Fuerza m\u00ednima de rotura (MBS): 90 kN<\/li>\n<li>Velocidad de lectura del sensor (frecuencia de ciclo) BT: 40 Hz (25 ms) y 10 Hz (100 ms)<\/li>\n<li>Taxa de leitura do sensor USB e mem\u00f3ria: 1280 Hz (&lt;1ms) y 640Hz (1,5ms)<\/li>\n<li>Rango de medici\u00f3n: -10 % a 110 % WLL<\/li>\n<li>Peso (incl. bateria): 520 g (18 oz)<\/li>\n<li>Dimensiones (L x A x T): 190 x 90 x 20 mm<\/li>\n<li>Tama\u00f1o de las orejetas de fijaci\u00f3n: Radio 30mm en forma de D (ca. 60x40mm)<\/li>\n<li>Unidades de indicaci\u00f3n: kgf \/ lbf \/ kN<\/li>\n<li>Alcance m\u00e1ximo: 3000 kgf \/ 6600 lbf \/ 30 kN<\/li>\n<li>Divisi\u00f3n de pantalla (resoluci\u00f3n): 1 kg \/ 2 lbf \/ 0,01 kN<\/li>\n<li>Error de medici\u00f3n: inferior a \u00b10,5% (@3kN-15kN)<\/li>\n<li>Temperatura de funcionamiento: 0 a +40 \u00b0C<\/li>\n<li>Temperatura de almacenamiento: -20 a +70 \u00b0C<\/li>\n<li>Humedad relativa: 10% a 80% RH<\/li>\n<li>Alimentaci\u00f3n: bater\u00eda recargable USB de pol\u00edmero de litio de 3,7 V y 1600 mAh<\/li>\n<\/ul>\n","protected":false},"excerpt":{"rendered":"<p>El LineScale-3 es un dinam\u00f3metro revolucionario. Un dispositivo todo en uno con conectividad Bluetooth y certificaci\u00f3n PPE. Tiene 30kN de WLL y un registro integrado de hasta 50 horas. Perfecto para trabajos verticales profesionales.<\/p>\n","protected":false},"featured_media":15747,"comment_status":"open","ping_status":"closed","template":"","meta":[],"product_brand":[],"product_cat":[216],"product_tag":[222],"class_list":{"0":"post-16909","1":"product","2":"type-product","3":"status-publish","4":"has-post-thumbnail","6":"product_cat-aparatos-de-medicion","7":"product_tag-trabajos-verticales","9":"first","10":"instock","11":"taxable","12":"shipping-taxable","13":"purchasable","14":"product-type-variable","15":"has-default-attributes"},"yoast_head":"<!-- This site is optimized with the Yoast SEO plugin v27.4 - https:\/\/yoast.com\/product\/yoast-seo-wordpress\/ -->\n<title>Dinam\u00f3metro LineScale-3 | Tienda del Portal dos Andaimes<\/title>\n<meta name=\"description\" content=\"El LineScale-3 es un revolucionario dinam\u00f3metro con conectividad Bluetooth y certificaci\u00f3n EPI. Tiene 30 kN de WLL y un registro incorporado de hasta 50 horas\" \/>\n<meta name=\"robots\" content=\"index, follow, max-snippet:-1, max-image-preview:large, max-video-preview:-1\" \/>\n<link rel=\"canonical\" href=\"https:\/\/portaldosandaimes.com\/es\/producto\/linescale-3-dinamometro\/\" \/>\n<meta property=\"og:locale\" content=\"es_ES\" \/>\n<meta property=\"og:type\" content=\"article\" \/>\n<meta property=\"og:title\" content=\"Dinam\u00f3metro LineScale-3 | Tienda del Portal dos Andaimes\" \/>\n<meta property=\"og:description\" content=\"El LineScale-3 es un revolucionario dinam\u00f3metro con conectividad Bluetooth y certificaci\u00f3n EPI. Tiene 30 kN de WLL y un registro incorporado de hasta 50 horas\" \/>\n<meta property=\"og:url\" content=\"https:\/\/portaldosandaimes.com\/es\/producto\/linescale-3-dinamometro\/\" \/>\n<meta property=\"og:site_name\" content=\"Portal dos Andaimes\" \/>\n<meta property=\"article:publisher\" content=\"https:\/\/www.facebook.com\/portaldosandaimes\" \/>\n<meta property=\"og:image\" content=\"https:\/\/portaldosandaimes.com\/wp-content\/uploads\/2022\/10\/linescale-3-dinamometro.jpg\" \/>\n\t<meta property=\"og:image:width\" content=\"1180\" \/>\n\t<meta property=\"og:image:height\" content=\"1377\" \/>\n\t<meta property=\"og:image:type\" content=\"image\/jpeg\" \/>\n<meta name=\"twitter:card\" content=\"summary_large_image\" \/>\n<meta name=\"twitter:label1\" content=\"Tiempo de lectura\" \/>\n\t<meta name=\"twitter:data1\" content=\"3 minutos\" \/>\n<script type=\"application\/ld+json\" class=\"yoast-schema-graph\">{\"@context\":\"https:\\\/\\\/schema.org\",\"@graph\":[{\"@type\":\"WebPage\",\"@id\":\"https:\\\/\\\/portaldosandaimes.com\\\/es\\\/producto\\\/linescale-3-dinamometro\\\/\",\"url\":\"https:\\\/\\\/portaldosandaimes.com\\\/es\\\/producto\\\/linescale-3-dinamometro\\\/\",\"name\":\"Dinam\u00f3metro LineScale-3 | Tienda del Portal dos Andaimes\",\"isPartOf\":{\"@id\":\"https:\\\/\\\/portaldosandaimes.com\\\/es\\\/#website\"},\"primaryImageOfPage\":{\"@id\":\"https:\\\/\\\/portaldosandaimes.com\\\/es\\\/producto\\\/linescale-3-dinamometro\\\/#primaryimage\"},\"image\":{\"@id\":\"https:\\\/\\\/portaldosandaimes.com\\\/es\\\/producto\\\/linescale-3-dinamometro\\\/#primaryimage\"},\"thumbnailUrl\":\"https:\\\/\\\/portaldosandaimes.com\\\/wp-content\\\/uploads\\\/2022\\\/10\\\/linescale-3-dinamometro.jpg\",\"datePublished\":\"2023-06-06T14:32:05+00:00\",\"description\":\"El LineScale-3 es un revolucionario dinam\u00f3metro con conectividad Bluetooth y certificaci\u00f3n EPI. Tiene 30 kN de WLL y un registro incorporado de hasta 50 horas\",\"breadcrumb\":{\"@id\":\"https:\\\/\\\/portaldosandaimes.com\\\/es\\\/producto\\\/linescale-3-dinamometro\\\/#breadcrumb\"},\"inLanguage\":\"es\",\"potentialAction\":[{\"@type\":\"ReadAction\",\"target\":[\"https:\\\/\\\/portaldosandaimes.com\\\/es\\\/producto\\\/linescale-3-dinamometro\\\/\"]}]},{\"@type\":\"ImageObject\",\"inLanguage\":\"es\",\"@id\":\"https:\\\/\\\/portaldosandaimes.com\\\/es\\\/producto\\\/linescale-3-dinamometro\\\/#primaryimage\",\"url\":\"https:\\\/\\\/portaldosandaimes.com\\\/wp-content\\\/uploads\\\/2022\\\/10\\\/linescale-3-dinamometro.jpg\",\"contentUrl\":\"https:\\\/\\\/portaldosandaimes.com\\\/wp-content\\\/uploads\\\/2022\\\/10\\\/linescale-3-dinamometro.jpg\",\"width\":1180,\"height\":1377,\"caption\":\"linescale-3 dinam\u00f3metro\"},{\"@type\":\"BreadcrumbList\",\"@id\":\"https:\\\/\\\/portaldosandaimes.com\\\/es\\\/producto\\\/linescale-3-dinamometro\\\/#breadcrumb\",\"itemListElement\":[{\"@type\":\"ListItem\",\"position\":1,\"name\":\"In\u00edcio\",\"item\":\"https:\\\/\\\/portaldosandaimes.com\\\/es\\\/\"},{\"@type\":\"ListItem\",\"position\":2,\"name\":\"productos\",\"item\":\"https:\\\/\\\/portaldosandaimes.com\\\/es\\\/productos\\\/\"},{\"@type\":\"ListItem\",\"position\":3,\"name\":\"LineScale-3: Dinam\u00f3metro\"}]},{\"@type\":\"WebSite\",\"@id\":\"https:\\\/\\\/portaldosandaimes.com\\\/es\\\/#website\",\"url\":\"https:\\\/\\\/portaldosandaimes.com\\\/es\\\/\",\"name\":\"Portal dos andaimes\",\"description\":\"Espa\u00e7o dedicado ao mundo do andaimes e aos trabalhos em altura. Com muita informa\u00e7\u00e3o \u00fatil e loja online.\",\"publisher\":{\"@id\":\"https:\\\/\\\/portaldosandaimes.com\\\/es\\\/#organization\"},\"potentialAction\":[{\"@type\":\"SearchAction\",\"target\":{\"@type\":\"EntryPoint\",\"urlTemplate\":\"https:\\\/\\\/portaldosandaimes.com\\\/es\\\/?s={search_term_string}\"},\"query-input\":{\"@type\":\"PropertyValueSpecification\",\"valueRequired\":true,\"valueName\":\"search_term_string\"}}],\"inLanguage\":\"es\"},{\"@type\":\"Organization\",\"@id\":\"https:\\\/\\\/portaldosandaimes.com\\\/es\\\/#organization\",\"name\":\"Portal dos Andaimes\",\"url\":\"https:\\\/\\\/portaldosandaimes.com\\\/es\\\/\",\"logo\":{\"@type\":\"ImageObject\",\"inLanguage\":\"es\",\"@id\":\"https:\\\/\\\/portaldosandaimes.com\\\/es\\\/#\\\/schema\\\/logo\\\/image\\\/\",\"url\":\"https:\\\/\\\/portaldosandaimes.com\\\/wp-content\\\/uploads\\\/2021\\\/08\\\/portal-de-los-andamios.png\",\"contentUrl\":\"https:\\\/\\\/portaldosandaimes.com\\\/wp-content\\\/uploads\\\/2021\\\/08\\\/portal-de-los-andamios.png\",\"width\":162,\"height\":97,\"caption\":\"Portal dos Andaimes\"},\"image\":{\"@id\":\"https:\\\/\\\/portaldosandaimes.com\\\/es\\\/#\\\/schema\\\/logo\\\/image\\\/\"},\"sameAs\":[\"https:\\\/\\\/www.facebook.com\\\/portaldosandaimes\",\"https:\\\/\\\/www.linkedin.com\\\/company\\\/68306809\\\/\"]}]}<\/script>\n<!-- \/ Yoast SEO plugin. -->","yoast_head_json":{"title":"Dinam\u00f3metro LineScale-3 | Tienda del Portal dos Andaimes","description":"El LineScale-3 es un revolucionario dinam\u00f3metro con conectividad Bluetooth y certificaci\u00f3n EPI. Tiene 30 kN de WLL y un registro incorporado de hasta 50 horas","robots":{"index":"index","follow":"follow","max-snippet":"max-snippet:-1","max-image-preview":"max-image-preview:large","max-video-preview":"max-video-preview:-1"},"canonical":"https:\/\/portaldosandaimes.com\/es\/producto\/linescale-3-dinamometro\/","og_locale":"es_ES","og_type":"article","og_title":"Dinam\u00f3metro LineScale-3 | Tienda del Portal dos Andaimes","og_description":"El LineScale-3 es un revolucionario dinam\u00f3metro con conectividad Bluetooth y certificaci\u00f3n EPI. Tiene 30 kN de WLL y un registro incorporado de hasta 50 horas","og_url":"https:\/\/portaldosandaimes.com\/es\/producto\/linescale-3-dinamometro\/","og_site_name":"Portal dos Andaimes","article_publisher":"https:\/\/www.facebook.com\/portaldosandaimes","og_image":[{"width":1180,"height":1377,"url":"https:\/\/portaldosandaimes.com\/wp-content\/uploads\/2022\/10\/linescale-3-dinamometro.jpg","type":"image\/jpeg"}],"twitter_card":"summary_large_image","twitter_misc":{"Tiempo de lectura":"3 minutos"},"schema":{"@context":"https:\/\/schema.org","@graph":[{"@type":"WebPage","@id":"https:\/\/portaldosandaimes.com\/es\/producto\/linescale-3-dinamometro\/","url":"https:\/\/portaldosandaimes.com\/es\/producto\/linescale-3-dinamometro\/","name":"Dinam\u00f3metro LineScale-3 | Tienda del Portal dos Andaimes","isPartOf":{"@id":"https:\/\/portaldosandaimes.com\/es\/#website"},"primaryImageOfPage":{"@id":"https:\/\/portaldosandaimes.com\/es\/producto\/linescale-3-dinamometro\/#primaryimage"},"image":{"@id":"https:\/\/portaldosandaimes.com\/es\/producto\/linescale-3-dinamometro\/#primaryimage"},"thumbnailUrl":"https:\/\/portaldosandaimes.com\/wp-content\/uploads\/2022\/10\/linescale-3-dinamometro.jpg","datePublished":"2023-06-06T14:32:05+00:00","description":"El LineScale-3 es un revolucionario dinam\u00f3metro con conectividad Bluetooth y certificaci\u00f3n EPI. Tiene 30 kN de WLL y un registro incorporado de hasta 50 horas","breadcrumb":{"@id":"https:\/\/portaldosandaimes.com\/es\/producto\/linescale-3-dinamometro\/#breadcrumb"},"inLanguage":"es","potentialAction":[{"@type":"ReadAction","target":["https:\/\/portaldosandaimes.com\/es\/producto\/linescale-3-dinamometro\/"]}]},{"@type":"ImageObject","inLanguage":"es","@id":"https:\/\/portaldosandaimes.com\/es\/producto\/linescale-3-dinamometro\/#primaryimage","url":"https:\/\/portaldosandaimes.com\/wp-content\/uploads\/2022\/10\/linescale-3-dinamometro.jpg","contentUrl":"https:\/\/portaldosandaimes.com\/wp-content\/uploads\/2022\/10\/linescale-3-dinamometro.jpg","width":1180,"height":1377,"caption":"linescale-3 dinam\u00f3metro"},{"@type":"BreadcrumbList","@id":"https:\/\/portaldosandaimes.com\/es\/producto\/linescale-3-dinamometro\/#breadcrumb","itemListElement":[{"@type":"ListItem","position":1,"name":"In\u00edcio","item":"https:\/\/portaldosandaimes.com\/es\/"},{"@type":"ListItem","position":2,"name":"productos","item":"https:\/\/portaldosandaimes.com\/es\/productos\/"},{"@type":"ListItem","position":3,"name":"LineScale-3: Dinam\u00f3metro"}]},{"@type":"WebSite","@id":"https:\/\/portaldosandaimes.com\/es\/#website","url":"https:\/\/portaldosandaimes.com\/es\/","name":"Portal dos andaimes","description":"Espa\u00e7o dedicado ao mundo do andaimes e aos trabalhos em altura. Com muita informa\u00e7\u00e3o \u00fatil e loja online.","publisher":{"@id":"https:\/\/portaldosandaimes.com\/es\/#organization"},"potentialAction":[{"@type":"SearchAction","target":{"@type":"EntryPoint","urlTemplate":"https:\/\/portaldosandaimes.com\/es\/?s={search_term_string}"},"query-input":{"@type":"PropertyValueSpecification","valueRequired":true,"valueName":"search_term_string"}}],"inLanguage":"es"},{"@type":"Organization","@id":"https:\/\/portaldosandaimes.com\/es\/#organization","name":"Portal dos Andaimes","url":"https:\/\/portaldosandaimes.com\/es\/","logo":{"@type":"ImageObject","inLanguage":"es","@id":"https:\/\/portaldosandaimes.com\/es\/#\/schema\/logo\/image\/","url":"https:\/\/portaldosandaimes.com\/wp-content\/uploads\/2021\/08\/portal-de-los-andamios.png","contentUrl":"https:\/\/portaldosandaimes.com\/wp-content\/uploads\/2021\/08\/portal-de-los-andamios.png","width":162,"height":97,"caption":"Portal dos Andaimes"},"image":{"@id":"https:\/\/portaldosandaimes.com\/es\/#\/schema\/logo\/image\/"},"sameAs":["https:\/\/www.facebook.com\/portaldosandaimes","https:\/\/www.linkedin.com\/company\/68306809\/"]}]}},"_links":{"self":[{"href":"https:\/\/portaldosandaimes.com\/es\/wp-json\/wp\/v2\/product\/16909","targetHints":{"allow":["GET"]}}],"collection":[{"href":"https:\/\/portaldosandaimes.com\/es\/wp-json\/wp\/v2\/product"}],"about":[{"href":"https:\/\/portaldosandaimes.com\/es\/wp-json\/wp\/v2\/types\/product"}],"replies":[{"embeddable":true,"href":"https:\/\/portaldosandaimes.com\/es\/wp-json\/wp\/v2\/comments?post=16909"}],"wp:featuredmedia":[{"embeddable":true,"href":"https:\/\/portaldosandaimes.com\/es\/wp-json\/wp\/v2\/media\/15747"}],"wp:attachment":[{"href":"https:\/\/portaldosandaimes.com\/es\/wp-json\/wp\/v2\/media?parent=16909"}],"wp:term":[{"taxonomy":"product_brand","embeddable":true,"href":"https:\/\/portaldosandaimes.com\/es\/wp-json\/wp\/v2\/product_brand?post=16909"},{"taxonomy":"product_cat","embeddable":true,"href":"https:\/\/portaldosandaimes.com\/es\/wp-json\/wp\/v2\/product_cat?post=16909"},{"taxonomy":"product_tag","embeddable":true,"href":"https:\/\/portaldosandaimes.com\/es\/wp-json\/wp\/v2\/product_tag?post=16909"}],"curies":[{"name":"wp","href":"https:\/\/api.w.org\/{rel}","templated":true}]}}